{"id":125,"date":"2026-02-04T01:29:12","date_gmt":"2026-02-04T01:29:12","guid":{"rendered":"https:\/\/brmendesconsultoria.com.br\/?page_id=125"},"modified":"2026-02-05T03:19:33","modified_gmt":"2026-02-05T03:19:33","slug":"contato","status":"publish","type":"page","link":"https:\/\/brmendesconsultoria.com.br\/en\/contato\/","title":{"rendered":"Fale com a BR Mendes"},"content":{"rendered":"<p class=\"has-text-align-center wp-block-paragraph\"><strong>Atua\u00e7\u00e3o no Brasil e no exterior| Reuni\u00f5es 100% online<\/strong><\/p>\n\n\n\n<div id=\"wp-block-themeisle-blocks-form-22e9220c\" class=\"wp-block-themeisle-blocks-form\" data-option-name=\"bf9b28ff82ce323187abc5d0feb0d8f07ecd8436_22e9220c\"><form class=\"otter-form__container\" action=\"\">\n<div id=\"wp-block-themeisle-blocks-form-input-9d386485\" class=\"wp-block-themeisle-blocks-form-input\"><label for=\"wp-block-themeisle-blocks-form-input-9d386485-input\" class=\"otter-form-input-label\"><span class=\"otter-form-input-label__label\">Nome<\/span><span class=\"required\">*<\/span><\/label><input type=\"text\" id=\"wp-block-themeisle-blocks-form-input-9d386485-input\" required class=\"otter-form-input\"\/><\/div>\n\n\n<div class=\"wp-block-themeisle-blocks-form-multiple-choice\" id=\"wp-block-themeisle-blocks-form-input-30c1b34c\"><label class=\"otter-form-input-label\" for=\"wp-block-themeisle-blocks-form-input-30c1b34c\" >Como gostaria de ser chamado(a)?<\/label><select id=\"wp-block-themeisle-blocks-form-input-30c1b34c\"  name=\"wp-block-themeisle-blocks-form-input-30c1b34c\"><option value=\"ela-dela\">Ela\/Dela<\/option><option value=\"ele-dele\">Ele\/Dele<\/option><option value=\"elu-delu\">Elu\/Delu<\/option><option value=\"prefiro-nao-dizer\">Prefiro n\u00e3o dizer<\/option><\/select><span class=\"o-form-help\"><\/span><\/div>\n\n<div class=\"protection\" aria-hidden=\"true\"><input type=\"hidden\" id=\"wp-block-themeisle-blocks-form-22e9220c_nonce_field\" name=\"wp-block-themeisle-blocks-form-22e9220c_nonce_field\" value=\"cb500449a9\" \/><input type=\"hidden\" name=\"_wp_http_referer\" value=\"\/en\/wp-json\/wp\/v2\/pages\/125\" \/><input class=\"o-anti-bot\" type=\"checkbox\"><\/div>\n\n\n<div id=\"wp-block-themeisle-blocks-form-input-67edfd97\" class=\"wp-block-themeisle-blocks-form-input\"><label for=\"wp-block-themeisle-blocks-form-input-67edfd97-input\" class=\"otter-form-input-label\"><span class=\"otter-form-input-label__label\">Email<\/span><span class=\"required\">*<\/span><\/label><input type=\"email\" id=\"wp-block-themeisle-blocks-form-input-67edfd97-input\" required class=\"otter-form-input\"\/><\/div>\n\n\n\n<div id=\"wp-block-themeisle-blocks-form-textarea-d4cf9b77\" class=\"wp-block-themeisle-blocks-form-textarea\"><label for=\"wp-block-themeisle-blocks-form-textarea-d4cf9b77-input\" class=\"otter-form-textarea-label\"><span class=\"otter-form-textarea-label__label\">Assunto<\/span><\/label><textarea id=\"wp-block-themeisle-blocks-form-textarea-d4cf9b77-input\" rows=\"10\" class=\"otter-form-textarea-input\"><\/textarea><\/div>\n\n\n<div class=\"wp-block-themeisle-blocks-form-multiple-choice\" id=\"wp-block-themeisle-blocks-form-textarea-043a7e5a\"><label class=\"otter-form-input-label\" ><span class=\"required\">*<\/span><\/label><div class=\"o-form-choices\"><div class=\"o-form-multiple-choice-field\"><input type=\"checkbox\" name=\"wp-block-themeisle-blocks-form-textarea-043a7e5a\" id=\"field-Li_e_concordo_com_a_&lt;a_href=&quot;https:\/\/brmendesconsultoria.com.br\/politica-de-privacidade&quot;_target=&quot;_blank&quot;_rel=&quot;noreferrer_noopener&quot;&gt;Pol\u00edtica_de_Privacidade&lt;\/a&gt;\" value=\"Li_e_concordo_com_a_&lt;a_href=&quot;https:\/\/brmendesconsultoria.com.br\/politica-de-privacidade&quot;_target=&quot;_blank&quot;_rel=&quot;noreferrer_noopener&quot;&gt;Pol\u00edtica_de_Privacidade&lt;\/a&gt;\" required checked \/><label for=\"field-Li_e_concordo_com_a_&lt;a_href=&quot;https:\/\/brmendesconsultoria.com.br\/politica-de-privacidade&quot;_target=&quot;_blank&quot;_rel=&quot;noreferrer_noopener&quot;&gt;Pol\u00edtica_de_Privacidade&lt;\/a&gt;\" class=\"o-form-choice-label\">Li e concordo com a <a href=\"https:\/\/brmendesconsultoria.com.br\/en\/politica-de-privacidade\/\" target=\"_blank\">Pol\u00edtica de Privacidade<\/a><\/label><\/div><\/div><span class=\"o-form-help\"><\/span><\/div>\n\n\n<p class=\"has-extra-small-font-size wp-block-paragraph\">Ao enviar este formul\u00e1rio, voc\u00ea concorda em receber comunica\u00e7\u00f5es por e-mail da nossa parte e compreende que suas informa\u00e7\u00f5es de contato ser\u00e3o armazenadas conosco.<\/p>\n<div class=\"wp-block-button\"><button class=\"wp-block-button__link\" type=\"submit\">Enviar<\/button><\/div><input type=\"hidden\" name=\"trp-form-language\" value=\"en\"\/><\/form><\/div>\n\n\n\n<p class=\"has-text-align-center wp-block-paragraph\"><strong>Responderemos o mais breve poss\u00edvel.<\/strong><\/p>","protected":false},"excerpt":{"rendered":"<p>Atua\u00e7\u00e3o no Brasil e no exterior| Reuni\u00f5es 100% online Responderemos o mais breve poss\u00edvel.<\/p>","protected":false},"author":1,"featured_media":0,"parent":0,"menu_order":0,"comment_status":"closed","ping_status":"closed","template":"","meta":{"_crdt_document":"","_uag_custom_page_level_css":"","_monsterinsights_skip_tracking":false,"_monsterinsights_sitenote_active":false,"_monsterinsights_sitenote_note":"","_monsterinsights_sitenote_category":0,"_themeisle_gutenberg_block_has_review":false,"footnotes":""},"class_list":["post-125","page","type-page","status-publish","hentry"],"yoast_head":"<!-- This site is optimized with the Yoast SEO plugin v27.2 - https:\/\/yoast.com\/product\/yoast-seo-wordpress\/ -->\n<title>Fale com a BR Mendes - BR Mendes<\/title>\n<meta name=\"robots\" content=\"index, follow, max-snippet:-1, max-image-preview:large, max-video-preview:-1\" \/>\n<link rel=\"canonical\" href=\"https:\/\/brmendesconsultoria.com.br\/en\/contato\/\" \/>\n<meta property=\"og:locale\" content=\"en_US\" \/>\n<meta property=\"og:type\" content=\"article\" \/>\n<meta property=\"og:title\" content=\"Fale com a BR Mendes - BR Mendes\" \/>\n<meta property=\"og:description\" content=\"Atua\u00e7\u00e3o no Brasil e no exterior| Reuni\u00f5es 100% online Responderemos o mais breve poss\u00edvel.\" \/>\n<meta property=\"og:url\" content=\"https:\/\/brmendesconsultoria.com.br\/en\/contato\/\" \/>\n<meta property=\"og:site_name\" content=\"BR Mendes\" \/>\n<meta property=\"article:publisher\" content=\"https:\/\/www.facebook.com\/brmendesconsultoria\/\" \/>\n<meta property=\"article:modified_time\" content=\"2026-02-05T03:19:33+00:00\" \/>\n<meta name=\"twitter:card\" content=\"summary_large_image\" \/>\n<meta name=\"twitter:label1\" content=\"Est. reading time\" \/>\n\t<meta name=\"twitter:data1\" content=\"1 minute\" \/>\n<script type=\"application\/ld+json\" class=\"yoast-schema-graph\">{\"@context\":\"https:\/\/schema.org\",\"@graph\":[{\"@type\":\"WebPage\",\"@id\":\"https:\/\/brmendesconsultoria.com.br\/contato\/\",\"url\":\"https:\/\/brmendesconsultoria.com.br\/contato\/\",\"name\":\"Fale com a BR Mendes - BR Mendes\",\"isPartOf\":{\"@id\":\"https:\/\/brmendesconsultoria.com.br\/#website\"},\"datePublished\":\"2026-02-04T01:29:12+00:00\",\"dateModified\":\"2026-02-05T03:19:33+00:00\",\"breadcrumb\":{\"@id\":\"https:\/\/brmendesconsultoria.com.br\/contato\/#breadcrumb\"},\"inLanguage\":\"en-US\",\"potentialAction\":[{\"@type\":\"ReadAction\",\"target\":[\"https:\/\/brmendesconsultoria.com.br\/contato\/\"]}]},{\"@type\":\"BreadcrumbList\",\"@id\":\"https:\/\/brmendesconsultoria.com.br\/contato\/#breadcrumb\",\"itemListElement\":[{\"@type\":\"ListItem\",\"position\":1,\"name\":\"In\u00edcio\",\"item\":\"https:\/\/brmendesconsultoria.com.br\/\"},{\"@type\":\"ListItem\",\"position\":2,\"name\":\"Fale com a BR Mendes\"}]},{\"@type\":\"WebSite\",\"@id\":\"https:\/\/brmendesconsultoria.com.br\/#website\",\"url\":\"https:\/\/brmendesconsultoria.com.br\/\",\"name\":\"BR Mendes Consultoria | Recrutamento Estrat\u00e9gico e Humanizado\",\"description\":\"&quot;Consultoria especializada em recrutamento e sele\u00e7\u00e3o de talentos para empresas.&quot;\",\"publisher\":{\"@id\":\"https:\/\/brmendesconsultoria.com.br\/#organization\"},\"potentialAction\":[{\"@type\":\"SearchAction\",\"target\":{\"@type\":\"EntryPoint\",\"urlTemplate\":\"https:\/\/brmendesconsultoria.com.br\/?s={search_term_string}\"},\"query-input\":{\"@type\":\"PropertyValueSpecification\",\"valueRequired\":true,\"valueName\":\"search_term_string\"}}],\"inLanguage\":\"en-US\"},{\"@type\":\"Organization\",\"@id\":\"https:\/\/brmendesconsultoria.com.br\/#organization\",\"name\":\"BR Mendes Consultoria | Recrutamento Estrat\u00e9gico e Humanizado\",\"url\":\"https:\/\/brmendesconsultoria.com.br\/\",\"logo\":{\"@type\":\"ImageObject\",\"inLanguage\":\"en-US\",\"@id\":\"https:\/\/brmendesconsultoria.com.br\/#\/schema\/logo\/image\/\",\"url\":\"https:\/\/brmendesconsultoria.com.br\/wp-content\/uploads\/2026\/02\/1631366350998.jpeg\",\"contentUrl\":\"https:\/\/brmendesconsultoria.com.br\/wp-content\/uploads\/2026\/02\/1631366350998.jpeg\",\"width\":100,\"height\":100,\"caption\":\"BR Mendes Consultoria | Recrutamento Estrat\u00e9gico e Humanizado\"},\"image\":{\"@id\":\"https:\/\/brmendesconsultoria.com.br\/#\/schema\/logo\/image\/\"},\"sameAs\":[\"https:\/\/www.facebook.com\/brmendesconsultoria\/\",\"https:\/\/www.linkedin.com\/company\/brmendes\/\",\"https:\/\/www.instagram.com\/brmendesbr\"]}]}<\/script>\n<!-- \/ Yoast SEO plugin. -->","yoast_head_json":{"title":"Fale com a BR Mendes - BR Mendes","robots":{"index":"index","follow":"follow","max-snippet":"max-snippet:-1","max-image-preview":"max-image-preview:large","max-video-preview":"max-video-preview:-1"},"canonical":"https:\/\/brmendesconsultoria.com.br\/en\/contato\/","og_locale":"en_US","og_type":"article","og_title":"Fale com a BR Mendes - BR Mendes","og_description":"Atua\u00e7\u00e3o no Brasil e no exterior| Reuni\u00f5es 100% online Responderemos o mais breve poss\u00edvel.","og_url":"https:\/\/brmendesconsultoria.com.br\/en\/contato\/","og_site_name":"BR Mendes","article_publisher":"https:\/\/www.facebook.com\/brmendesconsultoria\/","article_modified_time":"2026-02-05T03:19:33+00:00","twitter_card":"summary_large_image","twitter_misc":{"Est. reading time":"1 minute"},"schema":{"@context":"https:\/\/schema.org","@graph":[{"@type":"WebPage","@id":"https:\/\/brmendesconsultoria.com.br\/contato\/","url":"https:\/\/brmendesconsultoria.com.br\/contato\/","name":"Fale com a BR Mendes - BR Mendes","isPartOf":{"@id":"https:\/\/brmendesconsultoria.com.br\/#website"},"datePublished":"2026-02-04T01:29:12+00:00","dateModified":"2026-02-05T03:19:33+00:00","breadcrumb":{"@id":"https:\/\/brmendesconsultoria.com.br\/contato\/#breadcrumb"},"inLanguage":"en-US","potentialAction":[{"@type":"ReadAction","target":["https:\/\/brmendesconsultoria.com.br\/contato\/"]}]},{"@type":"BreadcrumbList","@id":"https:\/\/brmendesconsultoria.com.br\/contato\/#breadcrumb","itemListElement":[{"@type":"ListItem","position":1,"name":"In\u00edcio","item":"https:\/\/brmendesconsultoria.com.br\/"},{"@type":"ListItem","position":2,"name":"Fale com a BR Mendes"}]},{"@type":"WebSite","@id":"https:\/\/brmendesconsultoria.com.br\/#website","url":"https:\/\/brmendesconsultoria.com.br\/","name":"BR Mendes Consultoria | Recrutamento Estrat\u00e9gico e Humanizado","description":"&quot;Consultoria especializada em recrutamento e sele\u00e7\u00e3o de talentos para empresas.&quot;","publisher":{"@id":"https:\/\/brmendesconsultoria.com.br\/#organization"},"potentialAction":[{"@type":"SearchAction","target":{"@type":"EntryPoint","urlTemplate":"https:\/\/brmendesconsultoria.com.br\/?s={search_term_string}"},"query-input":{"@type":"PropertyValueSpecification","valueRequired":true,"valueName":"search_term_string"}}],"inLanguage":"en-US"},{"@type":"Organization","@id":"https:\/\/brmendesconsultoria.com.br\/#organization","name":"BR Mendes Consultoria | Recrutamento Estrat\u00e9gico e Humanizado","url":"https:\/\/brmendesconsultoria.com.br\/","logo":{"@type":"ImageObject","inLanguage":"en-US","@id":"https:\/\/brmendesconsultoria.com.br\/#\/schema\/logo\/image\/","url":"https:\/\/brmendesconsultoria.com.br\/wp-content\/uploads\/2026\/02\/1631366350998.jpeg","contentUrl":"https:\/\/brmendesconsultoria.com.br\/wp-content\/uploads\/2026\/02\/1631366350998.jpeg","width":100,"height":100,"caption":"BR Mendes Consultoria | Recrutamento Estrat\u00e9gico e Humanizado"},"image":{"@id":"https:\/\/brmendesconsultoria.com.br\/#\/schema\/logo\/image\/"},"sameAs":["https:\/\/www.facebook.com\/brmendesconsultoria\/","https:\/\/www.linkedin.com\/company\/brmendes\/","https:\/\/www.instagram.com\/brmendesbr"]}]}},"uagb_featured_image_src":{"full":false,"thumbnail":false,"medium":false,"medium_large":false,"large":false,"1536x1536":false,"2048x2048":false,"trp-custom-language-flag":false},"uagb_author_info":{"display_name":"brmendes","author_link":"https:\/\/brmendesconsultoria.com.br\/en\/author\/brmendes\/"},"uagb_comment_info":0,"uagb_excerpt":"Atua\u00e7\u00e3o no Brasil e no exterior| Reuni\u00f5es 100% online Responderemos o mais breve poss\u00edvel.","_links":{"self":[{"href":"https:\/\/brmendesconsultoria.com.br\/en\/wp-json\/wp\/v2\/pages\/125","targetHints":{"allow":["GET"]}}],"collection":[{"href":"https:\/\/brmendesconsultoria.com.br\/en\/wp-json\/wp\/v2\/pages"}],"about":[{"href":"https:\/\/brmendesconsultoria.com.br\/en\/wp-json\/wp\/v2\/types\/page"}],"author":[{"embeddable":true,"href":"https:\/\/brmendesconsultoria.com.br\/en\/wp-json\/wp\/v2\/users\/1"}],"replies":[{"embeddable":true,"href":"https:\/\/brmendesconsultoria.com.br\/en\/wp-json\/wp\/v2\/comments?post=125"}],"version-history":[{"count":9,"href":"https:\/\/brmendesconsultoria.com.br\/en\/wp-json\/wp\/v2\/pages\/125\/revisions"}],"predecessor-version":[{"id":242,"href":"https:\/\/brmendesconsultoria.com.br\/en\/wp-json\/wp\/v2\/pages\/125\/revisions\/242"}],"wp:attachment":[{"href":"https:\/\/brmendesconsultoria.com.br\/en\/wp-json\/wp\/v2\/media?parent=125"}],"curies":[{"name":"wp","href":"https:\/\/api.w.org\/{rel}","templated":true}]}}