{"id":142,"date":"2026-02-04T02:07:00","date_gmt":"2026-02-04T02:07:00","guid":{"rendered":"https:\/\/brmendesconsultoria.com.br\/?page_id=142"},"modified":"2026-02-26T17:43:52","modified_gmt":"2026-02-26T17:43:52","slug":"carreiras","status":"publish","type":"page","link":"https:\/\/brmendesconsultoria.com.br\/en\/carreiras\/","title":{"rendered":"Cadastre-se para futuras oportunidades"},"content":{"rendered":"<p class=\"wp-block-paragraph\">A BR Mendes est\u00e1 sempre conectando talentos a empresas que valorizam desenvolvimento, cultura e resultados.<br>Mesmo quando n\u00e3o h\u00e1 vagas publicadas, mantemos um banco de profissionais para futuras oportunidades.<\/p>\n\n\n\n<div class=\"wp-block-group has-global-padding is-layout-constrained wp-block-group-is-layout-constrained\">\n<div id=\"wp-block-themeisle-blocks-form-eb724c10\" class=\"wp-block-themeisle-blocks-form\" data-option-name=\"bf9b28ff82ce323187abc5d0feb0d8f07ecd8436_eb724c10\"><form class=\"otter-form__container\" action=\"\">\n<div id=\"wp-block-themeisle-blocks-form-input-d348893f\" class=\"wp-block-themeisle-blocks-form-input\"><label for=\"wp-block-themeisle-blocks-form-input-d348893f-input\" class=\"otter-form-input-label\"><span class=\"otter-form-input-label__label\">Nome<\/span><span class=\"required\">*<\/span><\/label><input type=\"text\" id=\"wp-block-themeisle-blocks-form-input-d348893f-input\" required class=\"otter-form-input\"\/><\/div>\n\n\n<div class=\"wp-block-themeisle-blocks-form-multiple-choice\" id=\"wp-block-themeisle-blocks-form-input-09add664\"><label class=\"otter-form-input-label\" for=\"wp-block-themeisle-blocks-form-input-09add664\" >Como gostaria de ser chamado(a)?<\/label><select id=\"wp-block-themeisle-blocks-form-input-09add664\"  name=\"wp-block-themeisle-blocks-form-input-09add664\"><option value=\"ela-dela\">Ela\/Dela<\/option><option value=\"ele-dele\">Ele\/Dele<\/option><option value=\"elu-delu\">Elu\/Delu<\/option><option value=\"prefiro-nao-dizer\">Prefiro n\u00e3o dizer<\/option><\/select><span class=\"o-form-help\"><\/span><\/div>\n\n\n<div id=\"wp-block-themeisle-blocks-form-input-bc83a364\" class=\"wp-block-themeisle-blocks-form-input\"><label for=\"wp-block-themeisle-blocks-form-input-bc83a364-input\" class=\"otter-form-input-label\"><span class=\"otter-form-input-label__label\">\u00c1rea de atua\u00e7\u00e3o<\/span><span class=\"required\">*<\/span><\/label><input type=\"text\" id=\"wp-block-themeisle-blocks-form-input-bc83a364-input\" required class=\"otter-form-input\"\/><\/div>\n\n\n<div class=\"wp-block-themeisle-blocks-form-multiple-choice\" id=\"wp-block-themeisle-blocks-form-input-eb322ad6\"><label class=\"otter-form-input-label\" >Modelo de trabalho<span class=\"required\">*<\/span><\/label><div class=\"o-form-choices\"><div class=\"o-form-multiple-choice-field\"><input type=\"checkbox\" name=\"wp-block-themeisle-blocks-form-input-eb322ad6\" id=\"field-Presencial\" value=\"Presencial\" required \/><label for=\"field-Presencial\" class=\"o-form-choice-label\">Presencial<\/label><\/div><div class=\"o-form-multiple-choice-field\"><input type=\"checkbox\" name=\"wp-block-themeisle-blocks-form-input-eb322ad6\" id=\"field-H\u00edbrido\" value=\"H\u00edbrido\" required \/><label for=\"field-H\u00edbrido\" class=\"o-form-choice-label\">H\u00edbrido<\/label><\/div><div class=\"o-form-multiple-choice-field\"><input type=\"checkbox\" name=\"wp-block-themeisle-blocks-form-input-eb322ad6\" id=\"field-Remoto\" value=\"Remoto\" required \/><label for=\"field-Remoto\" class=\"o-form-choice-label\">Remoto<\/label><\/div><\/div><span class=\"o-form-help\"><\/span><\/div>\n\n\n<div id=\"wp-block-themeisle-blocks-form-input-045512b3\" class=\"wp-block-themeisle-blocks-form-input\"><label for=\"wp-block-themeisle-blocks-form-input-045512b3-input\" class=\"otter-form-input-label\"><span class=\"otter-form-input-label__label\">Linkedin<\/span><span class=\"required\">*<\/span><\/label><input type=\"url\" id=\"wp-block-themeisle-blocks-form-input-045512b3-input\" required class=\"otter-form-input\"\/><\/div>\n\n\n\n<div id=\"wp-block-themeisle-blocks-form-input-7877f08e\" class=\"wp-block-themeisle-blocks-form-input\"><label for=\"wp-block-themeisle-blocks-form-input-7877f08e-input\" class=\"otter-form-input-label\"><span class=\"otter-form-input-label__label\">Telefone\/Whatsapp<\/span><span class=\"required\">*<\/span><\/label><input type=\"number\" id=\"wp-block-themeisle-blocks-form-input-7877f08e-input\" required class=\"otter-form-input\"\/><\/div>\n\n\n\n\n\n<div id=\"wp-block-themeisle-blocks-form-multiple-choice-191ddabd\" class=\"wp-block-themeisle-blocks-form-input\"><label for=\"wp-block-themeisle-blocks-form-multiple-choice-191ddabd-input\" class=\"otter-form-input-label\"><span class=\"otter-form-input-label__label\">Mensagem (opcional)<\/span><\/label><input type=\"text\" id=\"wp-block-themeisle-blocks-form-multiple-choice-191ddabd-input\" class=\"otter-form-input\"\/><\/div>\n\n\n<div class=\"wp-block-themeisle-blocks-form-multiple-choice\" id=\"wp-block-themeisle-blocks-form-input-89993f5c\"><label class=\"otter-form-input-label\" ><span class=\"required\">*<\/span><\/label><div class=\"o-form-choices\"><div class=\"o-form-multiple-choice-field\"><input type=\"checkbox\" name=\"wp-block-themeisle-blocks-form-input-89993f5c\" id=\"field-Li_e_concordo_com_a_&lt;a_href=&quot;https:\/\/brmendesconsultoria.com.br\/politica-de-privacidade&quot;_target=&quot;_blank&quot;_rel=&quot;noreferrer_noopener&quot;&gt;Pol\u00edtica_de_Privacidade&lt;\/a&gt;\" value=\"Li_e_concordo_com_a_&lt;a_href=&quot;https:\/\/brmendesconsultoria.com.br\/politica-de-privacidade&quot;_target=&quot;_blank&quot;_rel=&quot;noreferrer_noopener&quot;&gt;Pol\u00edtica_de_Privacidade&lt;\/a&gt;\" required \/><label for=\"field-Li_e_concordo_com_a_&lt;a_href=&quot;https:\/\/brmendesconsultoria.com.br\/politica-de-privacidade&quot;_target=&quot;_blank&quot;_rel=&quot;noreferrer_noopener&quot;&gt;Pol\u00edtica_de_Privacidade&lt;\/a&gt;\" class=\"o-form-choice-label\">Li e concordo com a <a href=\"https:\/\/brmendesconsultoria.com.br\/en\/politica-de-privacidade\/\" target=\"_blank\">Pol\u00edtica de Privacidade<\/a><\/label><\/div><\/div><span class=\"o-form-help\"><\/span><\/div>\n\n<div class=\"protection\" aria-hidden=\"true\"><input type=\"hidden\" id=\"wp-block-themeisle-blocks-form-eb724c10_nonce_field\" name=\"wp-block-themeisle-blocks-form-eb724c10_nonce_field\" value=\"cb500449a9\" \/><input type=\"hidden\" name=\"_wp_http_referer\" value=\"\/en\/wp-json\/wp\/v2\/pages\/142\" \/><input class=\"o-anti-bot\" type=\"checkbox\"><\/div>\n\n\n<p class=\"has-extra-small-font-size wp-block-paragraph\">Seus dados ser\u00e3o analisados e entraremos em contato quando surgir uma oportunidade alinhada ao seu perfil.<\/p>\n<div class=\"wp-block-button\"><button class=\"wp-block-button__link\" type=\"submit\">Enviar<\/button><\/div><input type=\"hidden\" name=\"trp-form-language\" value=\"en\"\/><\/form><\/div>\n\n\n\n<p class=\"wp-block-paragraph\"><\/p>\n<\/div>","protected":false},"excerpt":{"rendered":"<p>A BR Mendes est\u00e1 sempre conectando talentos a empresas que valorizam desenvolvimento, cultura e resultados.Mesmo quando n\u00e3o h\u00e1 vagas publicadas, mantemos um banco de profissionais para futuras oportunidades.<\/p>","protected":false},"author":1,"featured_media":0,"parent":0,"menu_order":0,"comment_status":"closed","ping_status":"closed","template":"page-with-title","meta":{"_crdt_document":"","_uag_custom_page_level_css":"","_monsterinsights_skip_tracking":false,"_monsterinsights_sitenote_active":false,"_monsterinsights_sitenote_note":"","_monsterinsights_sitenote_category":0,"_themeisle_gutenberg_block_has_review":false,"footnotes":""},"class_list":["post-142","page","type-page","status-publish","hentry"],"yoast_head":"<!-- This site is optimized with the Yoast SEO plugin v27.2 - https:\/\/yoast.com\/product\/yoast-seo-wordpress\/ -->\n<title>Cadastre-se para futuras oportunidades - BR Mendes<\/title>\n<meta name=\"robots\" content=\"index, follow, max-snippet:-1, max-image-preview:large, max-video-preview:-1\" \/>\n<link rel=\"canonical\" href=\"https:\/\/brmendesconsultoria.com.br\/en\/carreiras\/\" \/>\n<meta property=\"og:locale\" content=\"en_US\" \/>\n<meta property=\"og:type\" content=\"article\" \/>\n<meta property=\"og:title\" content=\"Cadastre-se para futuras oportunidades - BR Mendes\" \/>\n<meta property=\"og:description\" content=\"A BR Mendes est\u00e1 sempre conectando talentos a empresas que valorizam desenvolvimento, cultura e resultados.Mesmo quando n\u00e3o h\u00e1 vagas publicadas, mantemos um banco de profissionais para futuras oportunidades.\" \/>\n<meta property=\"og:url\" content=\"https:\/\/brmendesconsultoria.com.br\/en\/carreiras\/\" \/>\n<meta property=\"og:site_name\" content=\"BR Mendes\" \/>\n<meta property=\"article:publisher\" content=\"https:\/\/www.facebook.com\/brmendesconsultoria\/\" \/>\n<meta property=\"article:modified_time\" content=\"2026-02-26T17:43:52+00:00\" \/>\n<meta name=\"twitter:card\" content=\"summary_large_image\" \/>\n<meta name=\"twitter:label1\" content=\"Est. reading time\" \/>\n\t<meta name=\"twitter:data1\" content=\"1 minute\" \/>\n<script type=\"application\/ld+json\" class=\"yoast-schema-graph\">{\"@context\":\"https:\/\/schema.org\",\"@graph\":[{\"@type\":\"WebPage\",\"@id\":\"https:\/\/brmendesconsultoria.com.br\/carreiras\/\",\"url\":\"https:\/\/brmendesconsultoria.com.br\/carreiras\/\",\"name\":\"Cadastre-se para futuras oportunidades - BR Mendes\",\"isPartOf\":{\"@id\":\"https:\/\/brmendesconsultoria.com.br\/#website\"},\"datePublished\":\"2026-02-04T02:07:00+00:00\",\"dateModified\":\"2026-02-26T17:43:52+00:00\",\"breadcrumb\":{\"@id\":\"https:\/\/brmendesconsultoria.com.br\/carreiras\/#breadcrumb\"},\"inLanguage\":\"en-US\",\"potentialAction\":[{\"@type\":\"ReadAction\",\"target\":[\"https:\/\/brmendesconsultoria.com.br\/carreiras\/\"]}]},{\"@type\":\"BreadcrumbList\",\"@id\":\"https:\/\/brmendesconsultoria.com.br\/carreiras\/#breadcrumb\",\"itemListElement\":[{\"@type\":\"ListItem\",\"position\":1,\"name\":\"In\u00edcio\",\"item\":\"https:\/\/brmendesconsultoria.com.br\/\"},{\"@type\":\"ListItem\",\"position\":2,\"name\":\"Cadastre-se para futuras oportunidades\"}]},{\"@type\":\"WebSite\",\"@id\":\"https:\/\/brmendesconsultoria.com.br\/#website\",\"url\":\"https:\/\/brmendesconsultoria.com.br\/\",\"name\":\"BR Mendes Consultoria | Recrutamento Estrat\u00e9gico e Humanizado\",\"description\":\"&quot;Consultoria especializada em recrutamento e sele\u00e7\u00e3o de talentos para empresas.&quot;\",\"publisher\":{\"@id\":\"https:\/\/brmendesconsultoria.com.br\/#organization\"},\"potentialAction\":[{\"@type\":\"SearchAction\",\"target\":{\"@type\":\"EntryPoint\",\"urlTemplate\":\"https:\/\/brmendesconsultoria.com.br\/?s={search_term_string}\"},\"query-input\":{\"@type\":\"PropertyValueSpecification\",\"valueRequired\":true,\"valueName\":\"search_term_string\"}}],\"inLanguage\":\"en-US\"},{\"@type\":\"Organization\",\"@id\":\"https:\/\/brmendesconsultoria.com.br\/#organization\",\"name\":\"BR Mendes Consultoria | Recrutamento Estrat\u00e9gico e Humanizado\",\"url\":\"https:\/\/brmendesconsultoria.com.br\/\",\"logo\":{\"@type\":\"ImageObject\",\"inLanguage\":\"en-US\",\"@id\":\"https:\/\/brmendesconsultoria.com.br\/#\/schema\/logo\/image\/\",\"url\":\"https:\/\/brmendesconsultoria.com.br\/wp-content\/uploads\/2026\/02\/1631366350998.jpeg\",\"contentUrl\":\"https:\/\/brmendesconsultoria.com.br\/wp-content\/uploads\/2026\/02\/1631366350998.jpeg\",\"width\":100,\"height\":100,\"caption\":\"BR Mendes Consultoria | Recrutamento Estrat\u00e9gico e Humanizado\"},\"image\":{\"@id\":\"https:\/\/brmendesconsultoria.com.br\/#\/schema\/logo\/image\/\"},\"sameAs\":[\"https:\/\/www.facebook.com\/brmendesconsultoria\/\",\"https:\/\/www.linkedin.com\/company\/brmendes\/\",\"https:\/\/www.instagram.com\/brmendesbr\"]}]}<\/script>\n<!-- \/ Yoast SEO plugin. -->","yoast_head_json":{"title":"Cadastre-se para futuras oportunidades - BR Mendes","robots":{"index":"index","follow":"follow","max-snippet":"max-snippet:-1","max-image-preview":"max-image-preview:large","max-video-preview":"max-video-preview:-1"},"canonical":"https:\/\/brmendesconsultoria.com.br\/en\/carreiras\/","og_locale":"en_US","og_type":"article","og_title":"Cadastre-se para futuras oportunidades - BR Mendes","og_description":"A BR Mendes est\u00e1 sempre conectando talentos a empresas que valorizam desenvolvimento, cultura e resultados.Mesmo quando n\u00e3o h\u00e1 vagas publicadas, mantemos um banco de profissionais para futuras oportunidades.","og_url":"https:\/\/brmendesconsultoria.com.br\/en\/carreiras\/","og_site_name":"BR Mendes","article_publisher":"https:\/\/www.facebook.com\/brmendesconsultoria\/","article_modified_time":"2026-02-26T17:43:52+00:00","twitter_card":"summary_large_image","twitter_misc":{"Est. reading time":"1 minute"},"schema":{"@context":"https:\/\/schema.org","@graph":[{"@type":"WebPage","@id":"https:\/\/brmendesconsultoria.com.br\/carreiras\/","url":"https:\/\/brmendesconsultoria.com.br\/carreiras\/","name":"Cadastre-se para futuras oportunidades - BR Mendes","isPartOf":{"@id":"https:\/\/brmendesconsultoria.com.br\/#website"},"datePublished":"2026-02-04T02:07:00+00:00","dateModified":"2026-02-26T17:43:52+00:00","breadcrumb":{"@id":"https:\/\/brmendesconsultoria.com.br\/carreiras\/#breadcrumb"},"inLanguage":"en-US","potentialAction":[{"@type":"ReadAction","target":["https:\/\/brmendesconsultoria.com.br\/carreiras\/"]}]},{"@type":"BreadcrumbList","@id":"https:\/\/brmendesconsultoria.com.br\/carreiras\/#breadcrumb","itemListElement":[{"@type":"ListItem","position":1,"name":"In\u00edcio","item":"https:\/\/brmendesconsultoria.com.br\/"},{"@type":"ListItem","position":2,"name":"Cadastre-se para futuras oportunidades"}]},{"@type":"WebSite","@id":"https:\/\/brmendesconsultoria.com.br\/#website","url":"https:\/\/brmendesconsultoria.com.br\/","name":"BR Mendes Consultoria | Recrutamento Estrat\u00e9gico e Humanizado","description":"&quot;Consultoria especializada em recrutamento e sele\u00e7\u00e3o de talentos para empresas.&quot;","publisher":{"@id":"https:\/\/brmendesconsultoria.com.br\/#organization"},"potentialAction":[{"@type":"SearchAction","target":{"@type":"EntryPoint","urlTemplate":"https:\/\/brmendesconsultoria.com.br\/?s={search_term_string}"},"query-input":{"@type":"PropertyValueSpecification","valueRequired":true,"valueName":"search_term_string"}}],"inLanguage":"en-US"},{"@type":"Organization","@id":"https:\/\/brmendesconsultoria.com.br\/#organization","name":"BR Mendes Consultoria | Recrutamento Estrat\u00e9gico e Humanizado","url":"https:\/\/brmendesconsultoria.com.br\/","logo":{"@type":"ImageObject","inLanguage":"en-US","@id":"https:\/\/brmendesconsultoria.com.br\/#\/schema\/logo\/image\/","url":"https:\/\/brmendesconsultoria.com.br\/wp-content\/uploads\/2026\/02\/1631366350998.jpeg","contentUrl":"https:\/\/brmendesconsultoria.com.br\/wp-content\/uploads\/2026\/02\/1631366350998.jpeg","width":100,"height":100,"caption":"BR Mendes Consultoria | Recrutamento Estrat\u00e9gico e Humanizado"},"image":{"@id":"https:\/\/brmendesconsultoria.com.br\/#\/schema\/logo\/image\/"},"sameAs":["https:\/\/www.facebook.com\/brmendesconsultoria\/","https:\/\/www.linkedin.com\/company\/brmendes\/","https:\/\/www.instagram.com\/brmendesbr"]}]}},"uagb_featured_image_src":{"full":false,"thumbnail":false,"medium":false,"medium_large":false,"large":false,"1536x1536":false,"2048x2048":false,"trp-custom-language-flag":false},"uagb_author_info":{"display_name":"brmendes","author_link":"https:\/\/brmendesconsultoria.com.br\/en\/author\/brmendes\/"},"uagb_comment_info":0,"uagb_excerpt":"A BR Mendes est\u00e1 sempre conectando talentos a empresas que valorizam desenvolvimento, cultura e resultados.Mesmo quando n\u00e3o h\u00e1 vagas publicadas, mantemos um banco de profissionais para futuras oportunidades.","_links":{"self":[{"href":"https:\/\/brmendesconsultoria.com.br\/en\/wp-json\/wp\/v2\/pages\/142","targetHints":{"allow":["GET"]}}],"collection":[{"href":"https:\/\/brmendesconsultoria.com.br\/en\/wp-json\/wp\/v2\/pages"}],"about":[{"href":"https:\/\/brmendesconsultoria.com.br\/en\/wp-json\/wp\/v2\/types\/page"}],"author":[{"embeddable":true,"href":"https:\/\/brmendesconsultoria.com.br\/en\/wp-json\/wp\/v2\/users\/1"}],"replies":[{"embeddable":true,"href":"https:\/\/brmendesconsultoria.com.br\/en\/wp-json\/wp\/v2\/comments?post=142"}],"version-history":[{"count":14,"href":"https:\/\/brmendesconsultoria.com.br\/en\/wp-json\/wp\/v2\/pages\/142\/revisions"}],"predecessor-version":[{"id":291,"href":"https:\/\/brmendesconsultoria.com.br\/en\/wp-json\/wp\/v2\/pages\/142\/revisions\/291"}],"wp:attachment":[{"href":"https:\/\/brmendesconsultoria.com.br\/en\/wp-json\/wp\/v2\/media?parent=142"}],"curies":[{"name":"wp","href":"https:\/\/api.w.org\/{rel}","templated":true}]}}