{"id":25,"date":"2026-02-02T20:49:20","date_gmt":"2026-02-02T20:49:20","guid":{"rendered":"https:\/\/brmendesconsultoria.com.br\/sobre\/"},"modified":"2026-02-05T03:31:30","modified_gmt":"2026-02-05T03:31:30","slug":"sobre","status":"publish","type":"page","link":"https:\/\/brmendesconsultoria.com.br\/en\/sobre\/","title":{"rendered":"Conectando empresas \u00e0s pessoas certas"},"content":{"rendered":"<div class=\"wp-block-group alignfull is-style-ext-preset--group--natural-1--section animated fadeInUp delay-200ms has-background-background-color has-background has-global-padding is-layout-constrained wp-container-core-group-is-layout-7b89fd3b wp-block-group-is-layout-constrained is-style-ext-preset--group--natural-1--section--1\" id=\"sobre\" style=\"margin-top:0;margin-bottom:0;padding-top:var(--wp--preset--spacing--70);padding-bottom:var(--wp--preset--spacing--70)\">\n<div class=\"wp-block-group alignwide is-vertical is-content-justification-center is-layout-flex wp-container-core-group-is-layout-422eb20d wp-block-group-is-layout-flex\">\n<div class=\"wp-block-group has-global-padding is-layout-constrained wp-container-core-group-is-layout-7acc1fa0 wp-block-group-is-layout-constrained\">\n<p class=\"has-text-align-left wp-block-paragraph\">A BR Mendes nasceu com o prop\u00f3sito de tornar os processos de recrutamento mais estrat\u00e9gicos, humanos e eficientes. Atuamos lado a lado com empresas que entendem que contratar bem \u00e9 um dos pilares para o crescimento sustent\u00e1vel do neg\u00f3cio.<\/p>\n\n\n\n<p class=\"has-text-align-left wp-block-paragraph\">Com experi\u00eancia em recrutamento para diferentes n\u00edveis e segmentos, conduzimos cada processo com an\u00e1lise t\u00e9cnica, sensibilidade comportamental e profundo alinhamento com a cultura organizacional de cada cliente.<\/p>\n<\/div>\n<\/div>\n<\/div>\n\n\n\n<div class=\"wp-block-group alignfull is-style-ext-preset--group--natural-1--section animated fadeInUp delay-200ms has-tertiary-background-color has-background has-global-padding is-layout-constrained wp-container-core-group-is-layout-8870cb56 wp-block-group-is-layout-constrained is-style-ext-preset--group--natural-1--section--2\" style=\"margin-top:0;margin-bottom:0;padding-top:var(--wp--preset--spacing--70);padding-bottom:var(--wp--preset--spacing--70)\">\n<div class=\"wp-block-group alignwide is-vertical is-content-justification-center is-layout-flex wp-container-core-group-is-layout-422eb20d wp-block-group-is-layout-flex\">\n<div class=\"wp-block-group has-global-padding is-layout-constrained wp-container-core-group-is-layout-227c3f25 wp-block-group-is-layout-constrained\">\n<h2 class=\"wp-block-heading has-text-align-center\">Nossa experi\u00eancia em n\u00fameros<\/h2>\n<\/div>\n<\/div>\n\n\n\n<div class=\"wp-block-columns alignwide is-layout-flex wp-container-core-columns-is-layout-9705efd8 wp-block-columns-is-layout-flex\">\n<div class=\"wp-block-column is-vertically-aligned-stretch is-layout-flow wp-container-core-column-is-layout-ff1e87f5 wp-block-column-is-layout-flow\">\n<div class=\"wp-block-group is-style-ext-preset--group--natural-1--item-card-1--align-start has-global-padding is-layout-constrained wp-block-group-is-layout-constrained is-style-ext-preset--group--natural-1--item-card-1--align-start--3\">\n<div class=\"wp-block-group is-style-default animated pulse delay-200ms has-global-padding is-layout-constrained wp-block-group-is-layout-constrained\">\n<h3 class=\"wp-block-heading has-primary-color has-text-color has-link-color has-x-large-font-size wp-elements-6ac4ebd53c12183b3a42401bbcf1e6a3\">+10<\/h3>\n\n\n\n<h3 class=\"wp-block-heading\">Anos de experi\u00eancia<\/h3>\n<\/div>\n<\/div>\n<\/div>\n\n\n\n<div class=\"wp-block-column is-vertically-aligned-stretch is-layout-flow wp-container-core-column-is-layout-ff1e87f5 wp-block-column-is-layout-flow\">\n<div class=\"wp-block-group is-style-ext-preset--group--natural-1--item-card-1--align-start has-global-padding is-layout-constrained wp-block-group-is-layout-constrained is-style-ext-preset--group--natural-1--item-card-1--align-start--4\">\n<div class=\"wp-block-group is-style-default animated pulse delay-200ms has-global-padding is-layout-constrained wp-block-group-is-layout-constrained\">\n<h3 class=\"wp-block-heading has-primary-color has-text-color has-link-color has-x-large-font-size wp-elements-94906e6cbf4efa3a810c64e728ae7cbd\">Centenas de<\/h3>\n\n\n\n<h3 class=\"wp-block-heading\">Profissionais avaliados<\/h3>\n<\/div>\n<\/div>\n<\/div>\n\n\n\n<div class=\"wp-block-column is-vertically-aligned-stretch is-layout-flow wp-container-core-column-is-layout-ff1e87f5 wp-block-column-is-layout-flow\">\n<div class=\"wp-block-group is-style-ext-preset--group--natural-1--item-card-1--align-start has-global-padding is-layout-constrained wp-block-group-is-layout-constrained is-style-ext-preset--group--natural-1--item-card-1--align-start--5\">\n<div class=\"wp-block-group is-style-default animated pulse delay-200ms has-global-padding is-layout-constrained wp-block-group-is-layout-constrained\">\n<h3 class=\"wp-block-heading has-primary-color has-text-color has-link-color has-x-large-font-size wp-elements-8899f51cdbbf21203a49759a38b6033d\">Diversos<\/h3>\n\n\n\n<h3 class=\"wp-block-heading\">Segmentos atendidos<\/h3>\n<\/div>\n<\/div>\n<\/div>\n<\/div>\n<\/div>\n\n\n\n<h2 class=\"wp-block-heading has-text-align-center alignwide animated fadeInUp delay-200ms\">Como conduzimos cada parceria<\/h2>\n\n\n\n<p class=\"animated fadeInUp delay-200ms wp-block-paragraph\">Trabalhamos de forma estrat\u00e9gica e personalizada, garantindo alinhamento t\u00e9cnico, comportamental e cultural em cada contrata\u00e7\u00e3o.<\/p>\n\n\n\n<div class=\"wp-block-columns is-layout-flex wp-container-core-columns-is-layout-cb0a7ccb wp-block-columns-is-layout-flex\">\n<div class=\"wp-block-column is-layout-flow wp-block-column-is-layout-flow\">\n<h4 class=\"wp-block-heading animated fadeInUp delay-200ms\"><img loading=\"lazy\" decoding=\"async\" width=\"50\" height=\"50\" class=\"wp-image-114\" style=\"width: 50px;\" src=\"https:\/\/brmendesconsultoria.com.br\/wp-content\/uploads\/2026\/02\/ecg-reading_5596301.png\" alt=\"\" srcset=\"https:\/\/brmendesconsultoria.com.br\/wp-content\/uploads\/2026\/02\/ecg-reading_5596301.png 512w, https:\/\/brmendesconsultoria.com.br\/wp-content\/uploads\/2026\/02\/ecg-reading_5596301-300x300.png 300w, https:\/\/brmendesconsultoria.com.br\/wp-content\/uploads\/2026\/02\/ecg-reading_5596301-150x150.png 150w, https:\/\/brmendesconsultoria.com.br\/wp-content\/uploads\/2026\/02\/ecg-reading_5596301-12x12.png 12w\" sizes=\"auto, (max-width: 50px) 100vw, 50px\" \/>Diagn\u00f3stico da vaga<\/h4>\n\n\n\n<p class=\"animated fadeInUp delay-200ms wp-block-paragraph\">Entendimento profundo da fun\u00e7\u00e3o, cultura e desafios do neg\u00f3cio.<\/p>\n<\/div>\n\n\n\n<div class=\"wp-block-column is-layout-flow wp-block-column-is-layout-flow\">\n<h4 class=\"wp-block-heading animated fadeInUp delay-200ms\"><img loading=\"lazy\" decoding=\"async\" width=\"50\" height=\"50\" class=\"wp-image-115\" style=\"width: 50px;\" src=\"https:\/\/brmendesconsultoria.com.br\/wp-content\/uploads\/2026\/02\/loupe_751463.png\" alt=\"\" srcset=\"https:\/\/brmendesconsultoria.com.br\/wp-content\/uploads\/2026\/02\/loupe_751463.png 512w, https:\/\/brmendesconsultoria.com.br\/wp-content\/uploads\/2026\/02\/loupe_751463-300x300.png 300w, https:\/\/brmendesconsultoria.com.br\/wp-content\/uploads\/2026\/02\/loupe_751463-150x150.png 150w, https:\/\/brmendesconsultoria.com.br\/wp-content\/uploads\/2026\/02\/loupe_751463-12x12.png 12w\" sizes=\"auto, (max-width: 50px) 100vw, 50px\" \/> Busca estrat\u00e9gica<\/h4>\n\n\n\n<p class=\"animated fadeInUp delay-200ms wp-block-paragraph\">Mapeamento ativo de profissionais alinhados ao perfil t\u00e9cnico e comportamental.<\/p>\n<\/div>\n<\/div>\n\n\n\n<div class=\"wp-block-columns is-layout-flex wp-container-core-columns-is-layout-cb0a7ccb wp-block-columns-is-layout-flex\">\n<div class=\"wp-block-column is-layout-flow wp-block-column-is-layout-flow\">\n<h4 class=\"wp-block-heading animated fadeInUp delay-200ms\"><img loading=\"lazy\" decoding=\"async\" width=\"50\" height=\"50\" class=\"wp-image-116\" style=\"width: 50px;\" src=\"https:\/\/brmendesconsultoria.com.br\/wp-content\/uploads\/2026\/02\/tasks_233107.png\" alt=\"\" srcset=\"https:\/\/brmendesconsultoria.com.br\/wp-content\/uploads\/2026\/02\/tasks_233107.png 512w, https:\/\/brmendesconsultoria.com.br\/wp-content\/uploads\/2026\/02\/tasks_233107-300x300.png 300w, https:\/\/brmendesconsultoria.com.br\/wp-content\/uploads\/2026\/02\/tasks_233107-150x150.png 150w, https:\/\/brmendesconsultoria.com.br\/wp-content\/uploads\/2026\/02\/tasks_233107-12x12.png 12w\" sizes=\"auto, (max-width: 50px) 100vw, 50px\" \/>Avalia\u00e7\u00e3o completa<\/h4>\n\n\n\n<p class=\"animated fadeInUp delay-200ms wp-block-paragraph\">An\u00e1lise t\u00e9cnica, comportamental e valida\u00e7\u00e3o de ader\u00eancia cultural.<\/p>\n<\/div>\n\n\n\n<div class=\"wp-block-column is-layout-flow wp-block-column-is-layout-flow\">\n<h4 class=\"wp-block-heading animated fadeInUp delay-200ms\"><img loading=\"lazy\" decoding=\"async\" width=\"50\" height=\"50\" class=\"wp-image-118\" style=\"width: 50px;\" src=\"https:\/\/brmendesconsultoria.com.br\/wp-content\/uploads\/2026\/02\/ChatGPT-Image-3-de-fev.-de-2026-19_11_47.png\" alt=\"\" srcset=\"https:\/\/brmendesconsultoria.com.br\/wp-content\/uploads\/2026\/02\/ChatGPT-Image-3-de-fev.-de-2026-19_11_47.png 1024w, https:\/\/brmendesconsultoria.com.br\/wp-content\/uploads\/2026\/02\/ChatGPT-Image-3-de-fev.-de-2026-19_11_47-300x300.png 300w, https:\/\/brmendesconsultoria.com.br\/wp-content\/uploads\/2026\/02\/ChatGPT-Image-3-de-fev.-de-2026-19_11_47-150x150.png 150w, https:\/\/brmendesconsultoria.com.br\/wp-content\/uploads\/2026\/02\/ChatGPT-Image-3-de-fev.-de-2026-19_11_47-768x768.png 768w, https:\/\/brmendesconsultoria.com.br\/wp-content\/uploads\/2026\/02\/ChatGPT-Image-3-de-fev.-de-2026-19_11_47-12x12.png 12w\" sizes=\"auto, (max-width: 50px) 100vw, 50px\" \/> Acompanhamento<\/h4>\n\n\n\n<p class=\"animated fadeInUp delay-200ms wp-block-paragraph\">Suporte durante o processo de decis\u00e3o e integra\u00e7\u00e3o do profissional.<\/p>\n<\/div>\n<\/div>\n\n\n\n<p class=\"has-text-align-left animated fadeInUp delay-200ms wp-block-paragraph\">                              <\/p>\n\n\n\n<h2 class=\"wp-block-heading has-text-align-left animated fadeInUp delay-200ms\">O que nos move<\/h2>\n\n\n\n<p class=\"has-text-align-left animated fadeInUp delay-200ms wp-block-paragraph\">Valorizamos rela\u00e7\u00f5es de confian\u00e7a, transpar\u00eancia e respeito \u00e0s pessoas. Acreditamos que processos conduzidos com responsabilidade geram impactos positivos tanto para as empresas quanto para os profissionais envolvidos.<\/p>\n\n\n\n<div class=\"wp-block-buttons is-content-justification-center is-layout-flex wp-container-core-buttons-is-layout-c0bc9f7e wp-block-buttons-is-layout-flex\">\n<div class=\"wp-block-button animated fadeInUp delay-200ms\"><a class=\"wp-block-button__link wp-element-button\" href=\"https:\/\/wa.me\/5511978791428\">Falar com a BR Mendes<\/a><\/div>\n<\/div>","protected":false},"excerpt":{"rendered":"<p>A BR Mendes nasceu com o prop\u00f3sito de tornar os processos de recrutamento mais estrat\u00e9gicos, humanos e eficientes. Atuamos lado a lado com empresas que entendem que contratar bem \u00e9 um dos pilares para o crescimento sustent\u00e1vel do neg\u00f3cio. Com experi\u00eancia em recrutamento para diferentes n\u00edveis e segmentos, conduzimos cada processo com an\u00e1lise t\u00e9cnica, sensibilidade comportamental e profundo alinhamento com a cultura organizacional de cada cliente. Nossa experi\u00eancia em n\u00fameros +10 Anos de experi\u00eancia Centenas de Profissionais avaliados Diversos Segmentos atendidos Como conduzimos cada parceria Trabalhamos de forma estrat\u00e9gica e personalizada, garantindo alinhamento t\u00e9cnico, comportamental e cultural em cada contrata\u00e7\u00e3o. Diagn\u00f3stico [&hellip;]<\/p>","protected":false},"author":1,"featured_media":0,"parent":0,"menu_order":0,"comment_status":"closed","ping_status":"closed","template":"page-with-title","meta":{"_crdt_document":"","_uag_custom_page_level_css":"","_monsterinsights_skip_tracking":false,"_monsterinsights_sitenote_active":false,"_monsterinsights_sitenote_note":"","_monsterinsights_sitenote_category":0,"_themeisle_gutenberg_block_has_review":false,"footnotes":""},"class_list":["post-25","page","type-page","status-publish","hentry"],"yoast_head":"<!-- This site is optimized with the Yoast SEO plugin v27.2 - https:\/\/yoast.com\/product\/yoast-seo-wordpress\/ -->\n<title>Conectando empresas \u00e0s pessoas certas - BR Mendes<\/title>\n<meta name=\"robots\" content=\"index, follow, max-snippet:-1, max-image-preview:large, max-video-preview:-1\" \/>\n<link rel=\"canonical\" href=\"https:\/\/brmendesconsultoria.com.br\/en\/sobre\/\" \/>\n<meta property=\"og:locale\" content=\"en_US\" \/>\n<meta property=\"og:type\" content=\"article\" \/>\n<meta property=\"og:title\" content=\"Conectando empresas \u00e0s pessoas certas - BR Mendes\" \/>\n<meta property=\"og:description\" content=\"A BR Mendes nasceu com o prop\u00f3sito de tornar os processos de recrutamento mais estrat\u00e9gicos, humanos e eficientes. Atuamos lado a lado com empresas que entendem que contratar bem \u00e9 um dos pilares para o crescimento sustent\u00e1vel do neg\u00f3cio. Com experi\u00eancia em recrutamento para diferentes n\u00edveis e segmentos, conduzimos cada processo com an\u00e1lise t\u00e9cnica, sensibilidade comportamental e profundo alinhamento com a cultura organizacional de cada cliente. Nossa experi\u00eancia em n\u00fameros +10 Anos de experi\u00eancia Centenas de Profissionais avaliados Diversos Segmentos atendidos Como conduzimos cada parceria Trabalhamos de forma estrat\u00e9gica e personalizada, garantindo alinhamento t\u00e9cnico, comportamental e cultural em cada contrata\u00e7\u00e3o. Diagn\u00f3stico [&hellip;]\" \/>\n<meta property=\"og:url\" content=\"https:\/\/brmendesconsultoria.com.br\/en\/sobre\/\" \/>\n<meta property=\"og:site_name\" content=\"BR Mendes\" \/>\n<meta property=\"article:publisher\" content=\"https:\/\/www.facebook.com\/brmendesconsultoria\/\" \/>\n<meta property=\"article:modified_time\" content=\"2026-02-05T03:31:30+00:00\" \/>\n<meta property=\"og:image\" content=\"https:\/\/brmendesconsultoria.com.br\/wp-content\/uploads\/2026\/02\/ecg-reading_5596301.png\" \/>\n\t<meta property=\"og:image:width\" content=\"512\" \/>\n\t<meta property=\"og:image:height\" content=\"512\" \/>\n\t<meta property=\"og:image:type\" content=\"image\/png\" \/>\n<meta name=\"twitter:card\" content=\"summary_large_image\" \/>\n<meta name=\"twitter:label1\" content=\"Est. reading time\" \/>\n\t<meta name=\"twitter:data1\" content=\"2 minutes\" \/>\n<script type=\"application\/ld+json\" class=\"yoast-schema-graph\">{\"@context\":\"https:\/\/schema.org\",\"@graph\":[{\"@type\":\"WebPage\",\"@id\":\"https:\/\/brmendesconsultoria.com.br\/sobre\/\",\"url\":\"https:\/\/brmendesconsultoria.com.br\/sobre\/\",\"name\":\"Conectando empresas \u00e0s pessoas certas - BR Mendes\",\"isPartOf\":{\"@id\":\"https:\/\/brmendesconsultoria.com.br\/#website\"},\"primaryImageOfPage\":{\"@id\":\"https:\/\/brmendesconsultoria.com.br\/sobre\/#primaryimage\"},\"image\":{\"@id\":\"https:\/\/brmendesconsultoria.com.br\/sobre\/#primaryimage\"},\"thumbnailUrl\":\"https:\/\/brmendesconsultoria.com.br\/wp-content\/uploads\/2026\/02\/ecg-reading_5596301.png\",\"datePublished\":\"2026-02-02T20:49:20+00:00\",\"dateModified\":\"2026-02-05T03:31:30+00:00\",\"breadcrumb\":{\"@id\":\"https:\/\/brmendesconsultoria.com.br\/sobre\/#breadcrumb\"},\"inLanguage\":\"en-US\",\"potentialAction\":[{\"@type\":\"ReadAction\",\"target\":[\"https:\/\/brmendesconsultoria.com.br\/sobre\/\"]}]},{\"@type\":\"ImageObject\",\"inLanguage\":\"en-US\",\"@id\":\"https:\/\/brmendesconsultoria.com.br\/sobre\/#primaryimage\",\"url\":\"https:\/\/brmendesconsultoria.com.br\/wp-content\/uploads\/2026\/02\/ecg-reading_5596301.png\",\"contentUrl\":\"https:\/\/brmendesconsultoria.com.br\/wp-content\/uploads\/2026\/02\/ecg-reading_5596301.png\"},{\"@type\":\"BreadcrumbList\",\"@id\":\"https:\/\/brmendesconsultoria.com.br\/sobre\/#breadcrumb\",\"itemListElement\":[{\"@type\":\"ListItem\",\"position\":1,\"name\":\"In\u00edcio\",\"item\":\"https:\/\/brmendesconsultoria.com.br\/\"},{\"@type\":\"ListItem\",\"position\":2,\"name\":\"Conectando empresas \u00e0s pessoas certas\"}]},{\"@type\":\"WebSite\",\"@id\":\"https:\/\/brmendesconsultoria.com.br\/#website\",\"url\":\"https:\/\/brmendesconsultoria.com.br\/\",\"name\":\"BR Mendes Consultoria | Recrutamento Estrat\u00e9gico e Humanizado\",\"description\":\"&quot;Consultoria especializada em recrutamento e sele\u00e7\u00e3o de talentos para empresas.&quot;\",\"publisher\":{\"@id\":\"https:\/\/brmendesconsultoria.com.br\/#organization\"},\"potentialAction\":[{\"@type\":\"SearchAction\",\"target\":{\"@type\":\"EntryPoint\",\"urlTemplate\":\"https:\/\/brmendesconsultoria.com.br\/?s={search_term_string}\"},\"query-input\":{\"@type\":\"PropertyValueSpecification\",\"valueRequired\":true,\"valueName\":\"search_term_string\"}}],\"inLanguage\":\"en-US\"},{\"@type\":\"Organization\",\"@id\":\"https:\/\/brmendesconsultoria.com.br\/#organization\",\"name\":\"BR Mendes Consultoria | Recrutamento Estrat\u00e9gico e Humanizado\",\"url\":\"https:\/\/brmendesconsultoria.com.br\/\",\"logo\":{\"@type\":\"ImageObject\",\"inLanguage\":\"en-US\",\"@id\":\"https:\/\/brmendesconsultoria.com.br\/#\/schema\/logo\/image\/\",\"url\":\"https:\/\/brmendesconsultoria.com.br\/wp-content\/uploads\/2026\/02\/1631366350998.jpeg\",\"contentUrl\":\"https:\/\/brmendesconsultoria.com.br\/wp-content\/uploads\/2026\/02\/1631366350998.jpeg\",\"width\":100,\"height\":100,\"caption\":\"BR Mendes Consultoria | Recrutamento Estrat\u00e9gico e Humanizado\"},\"image\":{\"@id\":\"https:\/\/brmendesconsultoria.com.br\/#\/schema\/logo\/image\/\"},\"sameAs\":[\"https:\/\/www.facebook.com\/brmendesconsultoria\/\",\"https:\/\/www.linkedin.com\/company\/brmendes\/\",\"https:\/\/www.instagram.com\/brmendesbr\"]}]}<\/script>\n<!-- \/ Yoast SEO plugin. -->","yoast_head_json":{"title":"Conectando empresas \u00e0s pessoas certas - BR Mendes","robots":{"index":"index","follow":"follow","max-snippet":"max-snippet:-1","max-image-preview":"max-image-preview:large","max-video-preview":"max-video-preview:-1"},"canonical":"https:\/\/brmendesconsultoria.com.br\/en\/sobre\/","og_locale":"en_US","og_type":"article","og_title":"Conectando empresas \u00e0s pessoas certas - BR Mendes","og_description":"A BR Mendes nasceu com o prop\u00f3sito de tornar os processos de recrutamento mais estrat\u00e9gicos, humanos e eficientes. Atuamos lado a lado com empresas que entendem que contratar bem \u00e9 um dos pilares para o crescimento sustent\u00e1vel do neg\u00f3cio. Com experi\u00eancia em recrutamento para diferentes n\u00edveis e segmentos, conduzimos cada processo com an\u00e1lise t\u00e9cnica, sensibilidade comportamental e profundo alinhamento com a cultura organizacional de cada cliente. Nossa experi\u00eancia em n\u00fameros +10 Anos de experi\u00eancia Centenas de Profissionais avaliados Diversos Segmentos atendidos Como conduzimos cada parceria Trabalhamos de forma estrat\u00e9gica e personalizada, garantindo alinhamento t\u00e9cnico, comportamental e cultural em cada contrata\u00e7\u00e3o. Diagn\u00f3stico [&hellip;]","og_url":"https:\/\/brmendesconsultoria.com.br\/en\/sobre\/","og_site_name":"BR Mendes","article_publisher":"https:\/\/www.facebook.com\/brmendesconsultoria\/","article_modified_time":"2026-02-05T03:31:30+00:00","og_image":[{"width":512,"height":512,"url":"https:\/\/brmendesconsultoria.com.br\/wp-content\/uploads\/2026\/02\/ecg-reading_5596301.png","type":"image\/png"}],"twitter_card":"summary_large_image","twitter_misc":{"Est. reading time":"2 minutes"},"schema":{"@context":"https:\/\/schema.org","@graph":[{"@type":"WebPage","@id":"https:\/\/brmendesconsultoria.com.br\/sobre\/","url":"https:\/\/brmendesconsultoria.com.br\/sobre\/","name":"Conectando empresas \u00e0s pessoas certas - BR Mendes","isPartOf":{"@id":"https:\/\/brmendesconsultoria.com.br\/#website"},"primaryImageOfPage":{"@id":"https:\/\/brmendesconsultoria.com.br\/sobre\/#primaryimage"},"image":{"@id":"https:\/\/brmendesconsultoria.com.br\/sobre\/#primaryimage"},"thumbnailUrl":"https:\/\/brmendesconsultoria.com.br\/wp-content\/uploads\/2026\/02\/ecg-reading_5596301.png","datePublished":"2026-02-02T20:49:20+00:00","dateModified":"2026-02-05T03:31:30+00:00","breadcrumb":{"@id":"https:\/\/brmendesconsultoria.com.br\/sobre\/#breadcrumb"},"inLanguage":"en-US","potentialAction":[{"@type":"ReadAction","target":["https:\/\/brmendesconsultoria.com.br\/sobre\/"]}]},{"@type":"ImageObject","inLanguage":"en-US","@id":"https:\/\/brmendesconsultoria.com.br\/sobre\/#primaryimage","url":"https:\/\/brmendesconsultoria.com.br\/wp-content\/uploads\/2026\/02\/ecg-reading_5596301.png","contentUrl":"https:\/\/brmendesconsultoria.com.br\/wp-content\/uploads\/2026\/02\/ecg-reading_5596301.png"},{"@type":"BreadcrumbList","@id":"https:\/\/brmendesconsultoria.com.br\/sobre\/#breadcrumb","itemListElement":[{"@type":"ListItem","position":1,"name":"In\u00edcio","item":"https:\/\/brmendesconsultoria.com.br\/"},{"@type":"ListItem","position":2,"name":"Conectando empresas \u00e0s pessoas certas"}]},{"@type":"WebSite","@id":"https:\/\/brmendesconsultoria.com.br\/#website","url":"https:\/\/brmendesconsultoria.com.br\/","name":"BR Mendes Consultoria | Recrutamento Estrat\u00e9gico e Humanizado","description":"&quot;Consultoria especializada em recrutamento e sele\u00e7\u00e3o de talentos para empresas.&quot;","publisher":{"@id":"https:\/\/brmendesconsultoria.com.br\/#organization"},"potentialAction":[{"@type":"SearchAction","target":{"@type":"EntryPoint","urlTemplate":"https:\/\/brmendesconsultoria.com.br\/?s={search_term_string}"},"query-input":{"@type":"PropertyValueSpecification","valueRequired":true,"valueName":"search_term_string"}}],"inLanguage":"en-US"},{"@type":"Organization","@id":"https:\/\/brmendesconsultoria.com.br\/#organization","name":"BR Mendes Consultoria | Recrutamento Estrat\u00e9gico e Humanizado","url":"https:\/\/brmendesconsultoria.com.br\/","logo":{"@type":"ImageObject","inLanguage":"en-US","@id":"https:\/\/brmendesconsultoria.com.br\/#\/schema\/logo\/image\/","url":"https:\/\/brmendesconsultoria.com.br\/wp-content\/uploads\/2026\/02\/1631366350998.jpeg","contentUrl":"https:\/\/brmendesconsultoria.com.br\/wp-content\/uploads\/2026\/02\/1631366350998.jpeg","width":100,"height":100,"caption":"BR Mendes Consultoria | Recrutamento Estrat\u00e9gico e Humanizado"},"image":{"@id":"https:\/\/brmendesconsultoria.com.br\/#\/schema\/logo\/image\/"},"sameAs":["https:\/\/www.facebook.com\/brmendesconsultoria\/","https:\/\/www.linkedin.com\/company\/brmendes\/","https:\/\/www.instagram.com\/brmendesbr"]}]}},"uagb_featured_image_src":{"full":false,"thumbnail":false,"medium":false,"medium_large":false,"large":false,"1536x1536":false,"2048x2048":false,"trp-custom-language-flag":false},"uagb_author_info":{"display_name":"brmendes","author_link":"https:\/\/brmendesconsultoria.com.br\/en\/author\/brmendes\/"},"uagb_comment_info":0,"uagb_excerpt":"A BR Mendes nasceu com o prop\u00f3sito de tornar os processos de recrutamento mais estrat\u00e9gicos, humanos e eficientes. Atuamos lado a lado com empresas que entendem que contratar bem \u00e9 um dos pilares para o crescimento sustent\u00e1vel do neg\u00f3cio. Com experi\u00eancia em recrutamento para diferentes n\u00edveis e segmentos, conduzimos cada processo com an\u00e1lise t\u00e9cnica, sensibilidade&hellip;","_links":{"self":[{"href":"https:\/\/brmendesconsultoria.com.br\/en\/wp-json\/wp\/v2\/pages\/25","targetHints":{"allow":["GET"]}}],"collection":[{"href":"https:\/\/brmendesconsultoria.com.br\/en\/wp-json\/wp\/v2\/pages"}],"about":[{"href":"https:\/\/brmendesconsultoria.com.br\/en\/wp-json\/wp\/v2\/types\/page"}],"author":[{"embeddable":true,"href":"https:\/\/brmendesconsultoria.com.br\/en\/wp-json\/wp\/v2\/users\/1"}],"replies":[{"embeddable":true,"href":"https:\/\/brmendesconsultoria.com.br\/en\/wp-json\/wp\/v2\/comments?post=25"}],"version-history":[{"count":15,"href":"https:\/\/brmendesconsultoria.com.br\/en\/wp-json\/wp\/v2\/pages\/25\/revisions"}],"predecessor-version":[{"id":277,"href":"https:\/\/brmendesconsultoria.com.br\/en\/wp-json\/wp\/v2\/pages\/25\/revisions\/277"}],"wp:attachment":[{"href":"https:\/\/brmendesconsultoria.com.br\/en\/wp-json\/wp\/v2\/media?parent=25"}],"curies":[{"name":"wp","href":"https:\/\/api.w.org\/{rel}","templated":true}]}}