{"id":264,"date":"2026-02-09T20:08:27","date_gmt":"2026-02-09T20:08:27","guid":{"rendered":"https:\/\/brmendesconsultoria.com.br\/jobs\/"},"modified":"2026-02-09T20:08:27","modified_gmt":"2026-02-09T20:08:27","slug":"jobs","status":"publish","type":"page","link":"https:\/\/brmendesconsultoria.com.br\/en\/jobs\/","title":{"rendered":"Jobs"},"content":{"rendered":"<p>[easyjobs]<\/p>","protected":false},"excerpt":{"rendered":"<p>[easyjobs]<\/p>","protected":false},"author":1,"featured_media":0,"parent":0,"menu_order":0,"comment_status":"closed","ping_status":"closed","template":"easyjobs-template.php","meta":{"_crdt_document":"","_uag_custom_page_level_css":"","_monsterinsights_skip_tracking":false,"_monsterinsights_sitenote_active":false,"_monsterinsights_sitenote_note":"","_monsterinsights_sitenote_category":0,"_themeisle_gutenberg_block_has_review":false,"footnotes":""},"class_list":["post-264","page","type-page","status-publish","hentry"],"yoast_head":"<!-- This site is optimized with the Yoast SEO plugin v27.2 - https:\/\/yoast.com\/product\/yoast-seo-wordpress\/ -->\n<title>Jobs - BR Mendes<\/title>\n<meta name=\"robots\" content=\"index, follow, max-snippet:-1, max-image-preview:large, max-video-preview:-1\" \/>\n<link rel=\"canonical\" href=\"https:\/\/brmendesconsultoria.com.br\/en\/jobs\/\" \/>\n<meta property=\"og:locale\" content=\"en_US\" \/>\n<meta property=\"og:type\" content=\"article\" \/>\n<meta property=\"og:title\" content=\"Jobs - BR Mendes\" \/>\n<meta property=\"og:description\" content=\"[easyjobs]\" \/>\n<meta property=\"og:url\" content=\"https:\/\/brmendesconsultoria.com.br\/en\/jobs\/\" \/>\n<meta property=\"og:site_name\" content=\"BR Mendes\" \/>\n<meta property=\"article:publisher\" content=\"https:\/\/www.facebook.com\/brmendesconsultoria\/\" \/>\n<meta name=\"twitter:card\" content=\"summary_large_image\" \/>\n<script type=\"application\/ld+json\" class=\"yoast-schema-graph\">{\"@context\":\"https:\/\/schema.org\",\"@graph\":[{\"@type\":\"WebPage\",\"@id\":\"https:\/\/brmendesconsultoria.com.br\/jobs\/\",\"url\":\"https:\/\/brmendesconsultoria.com.br\/jobs\/\",\"name\":\"Jobs - BR Mendes\",\"isPartOf\":{\"@id\":\"https:\/\/brmendesconsultoria.com.br\/#website\"},\"datePublished\":\"2026-02-09T20:08:27+00:00\",\"breadcrumb\":{\"@id\":\"https:\/\/brmendesconsultoria.com.br\/jobs\/#breadcrumb\"},\"inLanguage\":\"en-US\",\"potentialAction\":[{\"@type\":\"ReadAction\",\"target\":[\"https:\/\/brmendesconsultoria.com.br\/jobs\/\"]}]},{\"@type\":\"BreadcrumbList\",\"@id\":\"https:\/\/brmendesconsultoria.com.br\/jobs\/#breadcrumb\",\"itemListElement\":[{\"@type\":\"ListItem\",\"position\":1,\"name\":\"In\u00edcio\",\"item\":\"https:\/\/brmendesconsultoria.com.br\/\"},{\"@type\":\"ListItem\",\"position\":2,\"name\":\"Jobs\"}]},{\"@type\":\"WebSite\",\"@id\":\"https:\/\/brmendesconsultoria.com.br\/#website\",\"url\":\"https:\/\/brmendesconsultoria.com.br\/\",\"name\":\"BR Mendes Consultoria | Recrutamento Estrat\u00e9gico e Humanizado\",\"description\":\"&quot;Consultoria especializada em recrutamento e sele\u00e7\u00e3o de talentos para empresas.&quot;\",\"publisher\":{\"@id\":\"https:\/\/brmendesconsultoria.com.br\/#organization\"},\"potentialAction\":[{\"@type\":\"SearchAction\",\"target\":{\"@type\":\"EntryPoint\",\"urlTemplate\":\"https:\/\/brmendesconsultoria.com.br\/?s={search_term_string}\"},\"query-input\":{\"@type\":\"PropertyValueSpecification\",\"valueRequired\":true,\"valueName\":\"search_term_string\"}}],\"inLanguage\":\"en-US\"},{\"@type\":\"Organization\",\"@id\":\"https:\/\/brmendesconsultoria.com.br\/#organization\",\"name\":\"BR Mendes Consultoria | Recrutamento Estrat\u00e9gico e Humanizado\",\"url\":\"https:\/\/brmendesconsultoria.com.br\/\",\"logo\":{\"@type\":\"ImageObject\",\"inLanguage\":\"en-US\",\"@id\":\"https:\/\/brmendesconsultoria.com.br\/#\/schema\/logo\/image\/\",\"url\":\"https:\/\/brmendesconsultoria.com.br\/wp-content\/uploads\/2026\/02\/1631366350998.jpeg\",\"contentUrl\":\"https:\/\/brmendesconsultoria.com.br\/wp-content\/uploads\/2026\/02\/1631366350998.jpeg\",\"width\":100,\"height\":100,\"caption\":\"BR Mendes Consultoria | Recrutamento Estrat\u00e9gico e Humanizado\"},\"image\":{\"@id\":\"https:\/\/brmendesconsultoria.com.br\/#\/schema\/logo\/image\/\"},\"sameAs\":[\"https:\/\/www.facebook.com\/brmendesconsultoria\/\",\"https:\/\/www.linkedin.com\/company\/brmendes\/\",\"https:\/\/www.instagram.com\/brmendesbr\"]}]}<\/script>\n<!-- \/ Yoast SEO plugin. -->","yoast_head_json":{"title":"Jobs - BR Mendes","robots":{"index":"index","follow":"follow","max-snippet":"max-snippet:-1","max-image-preview":"max-image-preview:large","max-video-preview":"max-video-preview:-1"},"canonical":"https:\/\/brmendesconsultoria.com.br\/en\/jobs\/","og_locale":"en_US","og_type":"article","og_title":"Jobs - BR Mendes","og_description":"[easyjobs]","og_url":"https:\/\/brmendesconsultoria.com.br\/en\/jobs\/","og_site_name":"BR Mendes","article_publisher":"https:\/\/www.facebook.com\/brmendesconsultoria\/","twitter_card":"summary_large_image","schema":{"@context":"https:\/\/schema.org","@graph":[{"@type":"WebPage","@id":"https:\/\/brmendesconsultoria.com.br\/jobs\/","url":"https:\/\/brmendesconsultoria.com.br\/jobs\/","name":"Jobs - BR Mendes","isPartOf":{"@id":"https:\/\/brmendesconsultoria.com.br\/#website"},"datePublished":"2026-02-09T20:08:27+00:00","breadcrumb":{"@id":"https:\/\/brmendesconsultoria.com.br\/jobs\/#breadcrumb"},"inLanguage":"en-US","potentialAction":[{"@type":"ReadAction","target":["https:\/\/brmendesconsultoria.com.br\/jobs\/"]}]},{"@type":"BreadcrumbList","@id":"https:\/\/brmendesconsultoria.com.br\/jobs\/#breadcrumb","itemListElement":[{"@type":"ListItem","position":1,"name":"In\u00edcio","item":"https:\/\/brmendesconsultoria.com.br\/"},{"@type":"ListItem","position":2,"name":"Jobs"}]},{"@type":"WebSite","@id":"https:\/\/brmendesconsultoria.com.br\/#website","url":"https:\/\/brmendesconsultoria.com.br\/","name":"BR Mendes Consultoria | Recrutamento Estrat\u00e9gico e Humanizado","description":"&quot;Consultoria especializada em recrutamento e sele\u00e7\u00e3o de talentos para empresas.&quot;","publisher":{"@id":"https:\/\/brmendesconsultoria.com.br\/#organization"},"potentialAction":[{"@type":"SearchAction","target":{"@type":"EntryPoint","urlTemplate":"https:\/\/brmendesconsultoria.com.br\/?s={search_term_string}"},"query-input":{"@type":"PropertyValueSpecification","valueRequired":true,"valueName":"search_term_string"}}],"inLanguage":"en-US"},{"@type":"Organization","@id":"https:\/\/brmendesconsultoria.com.br\/#organization","name":"BR Mendes Consultoria | Recrutamento Estrat\u00e9gico e Humanizado","url":"https:\/\/brmendesconsultoria.com.br\/","logo":{"@type":"ImageObject","inLanguage":"en-US","@id":"https:\/\/brmendesconsultoria.com.br\/#\/schema\/logo\/image\/","url":"https:\/\/brmendesconsultoria.com.br\/wp-content\/uploads\/2026\/02\/1631366350998.jpeg","contentUrl":"https:\/\/brmendesconsultoria.com.br\/wp-content\/uploads\/2026\/02\/1631366350998.jpeg","width":100,"height":100,"caption":"BR Mendes Consultoria | Recrutamento Estrat\u00e9gico e Humanizado"},"image":{"@id":"https:\/\/brmendesconsultoria.com.br\/#\/schema\/logo\/image\/"},"sameAs":["https:\/\/www.facebook.com\/brmendesconsultoria\/","https:\/\/www.linkedin.com\/company\/brmendes\/","https:\/\/www.instagram.com\/brmendesbr"]}]}},"uagb_featured_image_src":{"full":false,"thumbnail":false,"medium":false,"medium_large":false,"large":false,"1536x1536":false,"2048x2048":false,"trp-custom-language-flag":false},"uagb_author_info":{"display_name":"brmendes","author_link":"https:\/\/brmendesconsultoria.com.br\/en\/author\/brmendes\/"},"uagb_comment_info":0,"uagb_excerpt":"[easyjobs]","_links":{"self":[{"href":"https:\/\/brmendesconsultoria.com.br\/en\/wp-json\/wp\/v2\/pages\/264","targetHints":{"allow":["GET"]}}],"collection":[{"href":"https:\/\/brmendesconsultoria.com.br\/en\/wp-json\/wp\/v2\/pages"}],"about":[{"href":"https:\/\/brmendesconsultoria.com.br\/en\/wp-json\/wp\/v2\/types\/page"}],"author":[{"embeddable":true,"href":"https:\/\/brmendesconsultoria.com.br\/en\/wp-json\/wp\/v2\/users\/1"}],"replies":[{"embeddable":true,"href":"https:\/\/brmendesconsultoria.com.br\/en\/wp-json\/wp\/v2\/comments?post=264"}],"version-history":[{"count":0,"href":"https:\/\/brmendesconsultoria.com.br\/en\/wp-json\/wp\/v2\/pages\/264\/revisions"}],"wp:attachment":[{"href":"https:\/\/brmendesconsultoria.com.br\/en\/wp-json\/wp\/v2\/media?parent=264"}],"curies":[{"name":"wp","href":"https:\/\/api.w.org\/{rel}","templated":true}]}}