{"id":27,"date":"2026-02-02T20:49:24","date_gmt":"2026-02-02T20:49:24","guid":{"rendered":"https:\/\/brmendesconsultoria.com.br\/servicos\/"},"modified":"2026-02-05T03:27:52","modified_gmt":"2026-02-05T03:27:52","slug":"servicos","status":"publish","type":"page","link":"https:\/\/brmendesconsultoria.com.br\/en\/servicos\/","title":{"rendered":"Recrutamento estrat\u00e9gico sob medida para sua empresa"},"content":{"rendered":"<div class=\"wp-block-group alignfull is-style-ext-preset--group--natural-1--section has-background-background-color has-background has-global-padding is-layout-constrained wp-container-core-group-is-layout-7b89fd3b wp-block-group-is-layout-constrained is-style-ext-preset--group--natural-1--section--1\" id=\"servicos\" style=\"margin-top:0;margin-bottom:0;padding-top:var(--wp--preset--spacing--70);padding-bottom:var(--wp--preset--spacing--70)\">\n<div class=\"wp-block-group alignwide animated fadeInUp delay-200ms is-vertical is-layout-flex wp-container-core-group-is-layout-0a9a0fdb wp-block-group-is-layout-flex\">\n<div class=\"wp-block-group has-global-padding is-layout-constrained wp-container-core-group-is-layout-227c3f25 wp-block-group-is-layout-constrained\">\n<p class=\"wp-block-paragraph\">A BR Mendes atua como parceira estrat\u00e9gica de empresas que buscam contratar com qualidade, agilidade e ader\u00eancia cultural. Nossos processos s\u00e3o personalizados, conduzidos com hunting ativo e foco em resultados consistentes.<\/p>\n<\/div>\n<\/div>\n\n\n\n<div class=\"wp-block-group alignfull is-style-ext-preset--group--natural-1--section animated fadeInUp delay-200ms has-tertiary-background-color has-background has-global-padding is-layout-constrained wp-container-core-group-is-layout-0fa1b86d wp-block-group-is-layout-constrained is-style-ext-preset--group--natural-1--section--2\" id=\"recursos\" style=\"margin-top:0;margin-bottom:0;padding-top:var(--wp--preset--spacing--70);padding-bottom:var(--wp--preset--spacing--70)\">\n<h2 class=\"wp-block-heading has-text-align-center\">Nossas especialidades<\/h2>\n\n\n\n<div class=\"wp-block-columns alignwide is-layout-flex wp-container-core-columns-is-layout-9705efd8 wp-block-columns-is-layout-flex\">\n<div class=\"wp-block-column is-vertically-aligned-stretch is-layout-flow wp-container-core-column-is-layout-ff1e87f5 wp-block-column-is-layout-flow\">\n<div class=\"wp-block-group is-style-ext-preset--group--natural-1--item-card-1--align-start has-global-padding is-layout-constrained wp-block-group-is-layout-constrained is-style-ext-preset--group--natural-1--item-card-1--align-start--3\">\n<div class=\"wp-block-group is-style-default has-global-padding is-layout-constrained wp-block-group-is-layout-constrained\">\n<h3 class=\"wp-block-heading\">Recrutamento para Tecnologia<\/h3>\n\n\n\n<p class=\"has-text-align-left wp-block-paragraph\">Busca especializada por profissionais de tecnologia, com avalia\u00e7\u00e3o t\u00e9cnica criteriosa e an\u00e1lise comportamental para garantir ader\u00eancia ao perfil e \u00e0 cultura da empresa.<\/p>\n<\/div>\n<\/div>\n<\/div>\n\n\n\n<div class=\"wp-block-column is-vertically-aligned-stretch is-layout-flow wp-container-core-column-is-layout-ff1e87f5 wp-block-column-is-layout-flow\">\n<div class=\"wp-block-group is-style-ext-preset--group--natural-1--item-card-1--align-start has-global-padding is-layout-constrained wp-block-group-is-layout-constrained is-style-ext-preset--group--natural-1--item-card-1--align-start--4\">\n<div class=\"wp-block-group is-style-default has-global-padding is-layout-constrained wp-block-group-is-layout-constrained\">\n<h3 class=\"wp-block-heading\">Posi\u00e7\u00f5es Estrat\u00e9gicas e Lideran\u00e7a<\/h3>\n\n\n\n<p class=\"wp-block-paragraph\">Mapeamento de mercado e hunting direcionado para cargos de gest\u00e3o e posi\u00e7\u00f5es-chave, conectando empresas a talentos que impulsionam resultados.<\/p>\n<\/div>\n<\/div>\n<\/div>\n\n\n\n<div class=\"wp-block-column is-vertically-aligned-stretch is-layout-flow wp-container-core-column-is-layout-ff1e87f5 wp-block-column-is-layout-flow\">\n<div class=\"wp-block-group is-style-ext-preset--group--natural-1--item-card-1--align-start has-global-padding is-layout-constrained wp-block-group-is-layout-constrained is-style-ext-preset--group--natural-1--item-card-1--align-start--5\">\n<div class=\"wp-block-group is-style-default has-global-padding is-layout-constrained wp-block-group-is-layout-constrained\">\n<h3 class=\"wp-block-heading\">Vagas Operacionais e Administrativas<\/h3>\n\n\n\n<p class=\"wp-block-paragraph\">Processos \u00e1geis e assertivos para posi\u00e7\u00f5es essenciais ao funcionamento do neg\u00f3cio, sempre com foco em qualidade e alinhamento cultural.<\/p>\n<\/div>\n<\/div>\n<\/div>\n<\/div>\n<\/div>\n<\/div>\n\n\n\n<div class=\"wp-block-group alignfull is-style-ext-preset--group--natural-1--section animated fadeInUp delay-200ms has-tertiary-background-color has-background has-global-padding is-layout-constrained wp-container-core-group-is-layout-243a1fd0 wp-block-group-is-layout-constrained is-style-ext-preset--group--natural-1--section--6\" id=\"sobre\" style=\"margin-top:0;margin-bottom:0;padding-top:var(--wp--preset--spacing--70);padding-bottom:var(--wp--preset--spacing--70)\">\n<div class=\"wp-block-group alignwide is-vertical is-content-justification-center is-layout-flex wp-container-core-group-is-layout-422eb20d wp-block-group-is-layout-flex\">\n<div class=\"wp-block-group has-global-padding is-layout-constrained wp-container-core-group-is-layout-7acc1fa0 wp-block-group-is-layout-constrained\">\n<h2 class=\"wp-block-heading has-text-align-center\">O que diferencia a BR Mendes<\/h2>\n\n\n\n<p class=\"has-text-align-left wp-block-paragraph\">Atuamos com modelo de sucesso, escuta ativa e alinhamento constante com gestores e RH. Cada processo \u00e9 conduzido de forma personalizada, com hunting direcionado e entrevistas estruturadas. \u00c1s pessoas candidatas s\u00e3o apresentadas com parecer t\u00e9cnico e comportamental detalhado, garantindo seguran\u00e7a e assertividade na tomada de decis\u00e3o.<\/p>\n\n\n\n<p class=\"wp-block-paragraph\">\u2714 Pagamento somente no sucesso da vaga<br>\u2714 Garantia de reposi\u00e7\u00e3o de 60 dias<br>\u2714 Atendimento pr\u00f3ximo e consultivo<br>\u2714 Processos \u00e1geis e personalizados<\/p>\n<\/div>\n<\/div>\n<\/div>\n\n\n\n<div class=\"wp-block-group alignfull is-style-ext-preset--group--natural-1--section animated fadeInUp delay-200ms has-background-background-color has-background has-global-padding is-layout-constrained wp-container-core-group-is-layout-8870cb56 wp-block-group-is-layout-constrained is-style-ext-preset--group--natural-1--section--7\" id=\"depoimentos\" style=\"margin-top:0;margin-bottom:0;padding-top:var(--wp--preset--spacing--70);padding-bottom:var(--wp--preset--spacing--70)\">\n<div class=\"wp-block-group alignwide is-vertical is-content-justification-center is-layout-flex wp-container-core-group-is-layout-422eb20d wp-block-group-is-layout-flex\">\n<div class=\"wp-block-group has-global-padding is-layout-constrained wp-container-core-group-is-layout-7acc1fa0 wp-block-group-is-layout-constrained\">\n<h2 class=\"wp-block-heading has-text-align-center\">Precisa contratar com mais qualidade e menos retrabalho?<\/h2>\n<\/div>\n<\/div>\n\n\n\n<div class=\"wp-block-buttons is-content-justification-center is-layout-flex wp-container-core-buttons-is-layout-c0bc9f7e wp-block-buttons-is-layout-flex\">\n<div class=\"wp-block-button is-style-ext-preset--button--soft-1--button-1 is-style-ext-preset--button--soft-1--button-1--8\"><a class=\"wp-block-button__link wp-element-button\" href=\"https:\/\/wa.me\/5511978791428\">Falar com a BR Mendes<\/a><\/div>\n<\/div>\n<\/div>","protected":false},"excerpt":{"rendered":"<p>A BR Mendes atua como parceira estrat\u00e9gica de empresas que buscam contratar com qualidade, agilidade e ader\u00eancia cultural. Nossos processos s\u00e3o personalizados, conduzidos com hunting ativo e foco em resultados consistentes. Nossas especialidades Recrutamento para Tecnologia Busca especializada por profissionais de tecnologia, com avalia\u00e7\u00e3o t\u00e9cnica criteriosa e an\u00e1lise comportamental para garantir ader\u00eancia ao perfil e \u00e0 cultura da empresa. Posi\u00e7\u00f5es Estrat\u00e9gicas e Lideran\u00e7a Mapeamento de mercado e hunting direcionado para cargos de gest\u00e3o e posi\u00e7\u00f5es-chave, conectando empresas a talentos que impulsionam resultados. Vagas Operacionais e Administrativas Processos \u00e1geis e assertivos para posi\u00e7\u00f5es essenciais ao funcionamento do neg\u00f3cio, sempre com foco em [&hellip;]<\/p>","protected":false},"author":1,"featured_media":0,"parent":0,"menu_order":0,"comment_status":"closed","ping_status":"closed","template":"page-with-title","meta":{"_crdt_document":"","_uag_custom_page_level_css":"","_monsterinsights_skip_tracking":false,"_monsterinsights_sitenote_active":false,"_monsterinsights_sitenote_note":"","_monsterinsights_sitenote_category":0,"_themeisle_gutenberg_block_has_review":false,"footnotes":""},"class_list":["post-27","page","type-page","status-publish","hentry"],"yoast_head":"<!-- This site is optimized with the Yoast SEO plugin v27.2 - https:\/\/yoast.com\/product\/yoast-seo-wordpress\/ -->\n<title>Recrutamento estrat\u00e9gico sob medida para sua empresa - BR Mendes<\/title>\n<meta name=\"robots\" content=\"index, follow, max-snippet:-1, max-image-preview:large, max-video-preview:-1\" \/>\n<link rel=\"canonical\" href=\"https:\/\/brmendesconsultoria.com.br\/en\/servicos\/\" \/>\n<meta property=\"og:locale\" content=\"en_US\" \/>\n<meta property=\"og:type\" content=\"article\" \/>\n<meta property=\"og:title\" content=\"Recrutamento estrat\u00e9gico sob medida para sua empresa - BR Mendes\" \/>\n<meta property=\"og:description\" content=\"A BR Mendes atua como parceira estrat\u00e9gica de empresas que buscam contratar com qualidade, agilidade e ader\u00eancia cultural. Nossos processos s\u00e3o personalizados, conduzidos com hunting ativo e foco em resultados consistentes. Nossas especialidades Recrutamento para Tecnologia Busca especializada por profissionais de tecnologia, com avalia\u00e7\u00e3o t\u00e9cnica criteriosa e an\u00e1lise comportamental para garantir ader\u00eancia ao perfil e \u00e0 cultura da empresa. Posi\u00e7\u00f5es Estrat\u00e9gicas e Lideran\u00e7a Mapeamento de mercado e hunting direcionado para cargos de gest\u00e3o e posi\u00e7\u00f5es-chave, conectando empresas a talentos que impulsionam resultados. Vagas Operacionais e Administrativas Processos \u00e1geis e assertivos para posi\u00e7\u00f5es essenciais ao funcionamento do neg\u00f3cio, sempre com foco em [&hellip;]\" \/>\n<meta property=\"og:url\" content=\"https:\/\/brmendesconsultoria.com.br\/en\/servicos\/\" \/>\n<meta property=\"og:site_name\" content=\"BR Mendes\" \/>\n<meta property=\"article:publisher\" content=\"https:\/\/www.facebook.com\/brmendesconsultoria\/\" \/>\n<meta property=\"article:modified_time\" content=\"2026-02-05T03:27:52+00:00\" \/>\n<meta name=\"twitter:card\" content=\"summary_large_image\" \/>\n<meta name=\"twitter:label1\" content=\"Est. reading time\" \/>\n\t<meta name=\"twitter:data1\" content=\"2 minutes\" \/>\n<script type=\"application\/ld+json\" class=\"yoast-schema-graph\">{\"@context\":\"https:\/\/schema.org\",\"@graph\":[{\"@type\":\"WebPage\",\"@id\":\"https:\/\/brmendesconsultoria.com.br\/servicos\/\",\"url\":\"https:\/\/brmendesconsultoria.com.br\/servicos\/\",\"name\":\"Recrutamento estrat\u00e9gico sob medida para sua empresa - BR Mendes\",\"isPartOf\":{\"@id\":\"https:\/\/brmendesconsultoria.com.br\/#website\"},\"datePublished\":\"2026-02-02T20:49:24+00:00\",\"dateModified\":\"2026-02-05T03:27:52+00:00\",\"breadcrumb\":{\"@id\":\"https:\/\/brmendesconsultoria.com.br\/servicos\/#breadcrumb\"},\"inLanguage\":\"en-US\",\"potentialAction\":[{\"@type\":\"ReadAction\",\"target\":[\"https:\/\/brmendesconsultoria.com.br\/servicos\/\"]}]},{\"@type\":\"BreadcrumbList\",\"@id\":\"https:\/\/brmendesconsultoria.com.br\/servicos\/#breadcrumb\",\"itemListElement\":[{\"@type\":\"ListItem\",\"position\":1,\"name\":\"In\u00edcio\",\"item\":\"https:\/\/brmendesconsultoria.com.br\/\"},{\"@type\":\"ListItem\",\"position\":2,\"name\":\"Recrutamento estrat\u00e9gico sob medida para sua empresa\"}]},{\"@type\":\"WebSite\",\"@id\":\"https:\/\/brmendesconsultoria.com.br\/#website\",\"url\":\"https:\/\/brmendesconsultoria.com.br\/\",\"name\":\"BR Mendes Consultoria | Recrutamento Estrat\u00e9gico e Humanizado\",\"description\":\"&quot;Consultoria especializada em recrutamento e sele\u00e7\u00e3o de talentos para empresas.&quot;\",\"publisher\":{\"@id\":\"https:\/\/brmendesconsultoria.com.br\/#organization\"},\"potentialAction\":[{\"@type\":\"SearchAction\",\"target\":{\"@type\":\"EntryPoint\",\"urlTemplate\":\"https:\/\/brmendesconsultoria.com.br\/?s={search_term_string}\"},\"query-input\":{\"@type\":\"PropertyValueSpecification\",\"valueRequired\":true,\"valueName\":\"search_term_string\"}}],\"inLanguage\":\"en-US\"},{\"@type\":\"Organization\",\"@id\":\"https:\/\/brmendesconsultoria.com.br\/#organization\",\"name\":\"BR Mendes Consultoria | Recrutamento Estrat\u00e9gico e Humanizado\",\"url\":\"https:\/\/brmendesconsultoria.com.br\/\",\"logo\":{\"@type\":\"ImageObject\",\"inLanguage\":\"en-US\",\"@id\":\"https:\/\/brmendesconsultoria.com.br\/#\/schema\/logo\/image\/\",\"url\":\"https:\/\/brmendesconsultoria.com.br\/wp-content\/uploads\/2026\/02\/1631366350998.jpeg\",\"contentUrl\":\"https:\/\/brmendesconsultoria.com.br\/wp-content\/uploads\/2026\/02\/1631366350998.jpeg\",\"width\":100,\"height\":100,\"caption\":\"BR Mendes Consultoria | Recrutamento Estrat\u00e9gico e Humanizado\"},\"image\":{\"@id\":\"https:\/\/brmendesconsultoria.com.br\/#\/schema\/logo\/image\/\"},\"sameAs\":[\"https:\/\/www.facebook.com\/brmendesconsultoria\/\",\"https:\/\/www.linkedin.com\/company\/brmendes\/\",\"https:\/\/www.instagram.com\/brmendesbr\"]}]}<\/script>\n<!-- \/ Yoast SEO plugin. -->","yoast_head_json":{"title":"Recrutamento estrat\u00e9gico sob medida para sua empresa - BR Mendes","robots":{"index":"index","follow":"follow","max-snippet":"max-snippet:-1","max-image-preview":"max-image-preview:large","max-video-preview":"max-video-preview:-1"},"canonical":"https:\/\/brmendesconsultoria.com.br\/en\/servicos\/","og_locale":"en_US","og_type":"article","og_title":"Recrutamento estrat\u00e9gico sob medida para sua empresa - BR Mendes","og_description":"A BR Mendes atua como parceira estrat\u00e9gica de empresas que buscam contratar com qualidade, agilidade e ader\u00eancia cultural. Nossos processos s\u00e3o personalizados, conduzidos com hunting ativo e foco em resultados consistentes. Nossas especialidades Recrutamento para Tecnologia Busca especializada por profissionais de tecnologia, com avalia\u00e7\u00e3o t\u00e9cnica criteriosa e an\u00e1lise comportamental para garantir ader\u00eancia ao perfil e \u00e0 cultura da empresa. Posi\u00e7\u00f5es Estrat\u00e9gicas e Lideran\u00e7a Mapeamento de mercado e hunting direcionado para cargos de gest\u00e3o e posi\u00e7\u00f5es-chave, conectando empresas a talentos que impulsionam resultados. Vagas Operacionais e Administrativas Processos \u00e1geis e assertivos para posi\u00e7\u00f5es essenciais ao funcionamento do neg\u00f3cio, sempre com foco em [&hellip;]","og_url":"https:\/\/brmendesconsultoria.com.br\/en\/servicos\/","og_site_name":"BR Mendes","article_publisher":"https:\/\/www.facebook.com\/brmendesconsultoria\/","article_modified_time":"2026-02-05T03:27:52+00:00","twitter_card":"summary_large_image","twitter_misc":{"Est. reading time":"2 minutes"},"schema":{"@context":"https:\/\/schema.org","@graph":[{"@type":"WebPage","@id":"https:\/\/brmendesconsultoria.com.br\/servicos\/","url":"https:\/\/brmendesconsultoria.com.br\/servicos\/","name":"Recrutamento estrat\u00e9gico sob medida para sua empresa - BR Mendes","isPartOf":{"@id":"https:\/\/brmendesconsultoria.com.br\/#website"},"datePublished":"2026-02-02T20:49:24+00:00","dateModified":"2026-02-05T03:27:52+00:00","breadcrumb":{"@id":"https:\/\/brmendesconsultoria.com.br\/servicos\/#breadcrumb"},"inLanguage":"en-US","potentialAction":[{"@type":"ReadAction","target":["https:\/\/brmendesconsultoria.com.br\/servicos\/"]}]},{"@type":"BreadcrumbList","@id":"https:\/\/brmendesconsultoria.com.br\/servicos\/#breadcrumb","itemListElement":[{"@type":"ListItem","position":1,"name":"In\u00edcio","item":"https:\/\/brmendesconsultoria.com.br\/"},{"@type":"ListItem","position":2,"name":"Recrutamento estrat\u00e9gico sob medida para sua empresa"}]},{"@type":"WebSite","@id":"https:\/\/brmendesconsultoria.com.br\/#website","url":"https:\/\/brmendesconsultoria.com.br\/","name":"BR Mendes Consultoria | Recrutamento Estrat\u00e9gico e Humanizado","description":"&quot;Consultoria especializada em recrutamento e sele\u00e7\u00e3o de talentos para empresas.&quot;","publisher":{"@id":"https:\/\/brmendesconsultoria.com.br\/#organization"},"potentialAction":[{"@type":"SearchAction","target":{"@type":"EntryPoint","urlTemplate":"https:\/\/brmendesconsultoria.com.br\/?s={search_term_string}"},"query-input":{"@type":"PropertyValueSpecification","valueRequired":true,"valueName":"search_term_string"}}],"inLanguage":"en-US"},{"@type":"Organization","@id":"https:\/\/brmendesconsultoria.com.br\/#organization","name":"BR Mendes Consultoria | Recrutamento Estrat\u00e9gico e Humanizado","url":"https:\/\/brmendesconsultoria.com.br\/","logo":{"@type":"ImageObject","inLanguage":"en-US","@id":"https:\/\/brmendesconsultoria.com.br\/#\/schema\/logo\/image\/","url":"https:\/\/brmendesconsultoria.com.br\/wp-content\/uploads\/2026\/02\/1631366350998.jpeg","contentUrl":"https:\/\/brmendesconsultoria.com.br\/wp-content\/uploads\/2026\/02\/1631366350998.jpeg","width":100,"height":100,"caption":"BR Mendes Consultoria | Recrutamento Estrat\u00e9gico e Humanizado"},"image":{"@id":"https:\/\/brmendesconsultoria.com.br\/#\/schema\/logo\/image\/"},"sameAs":["https:\/\/www.facebook.com\/brmendesconsultoria\/","https:\/\/www.linkedin.com\/company\/brmendes\/","https:\/\/www.instagram.com\/brmendesbr"]}]}},"uagb_featured_image_src":{"full":false,"thumbnail":false,"medium":false,"medium_large":false,"large":false,"1536x1536":false,"2048x2048":false,"trp-custom-language-flag":false},"uagb_author_info":{"display_name":"brmendes","author_link":"https:\/\/brmendesconsultoria.com.br\/en\/author\/brmendes\/"},"uagb_comment_info":0,"uagb_excerpt":"A BR Mendes atua como parceira estrat\u00e9gica de empresas que buscam contratar com qualidade, agilidade e ader\u00eancia cultural. Nossos processos s\u00e3o personalizados, conduzidos com hunting ativo e foco em resultados consistentes. Nossas especialidades Recrutamento para Tecnologia Busca especializada por profissionais de tecnologia, com avalia\u00e7\u00e3o t\u00e9cnica criteriosa e an\u00e1lise comportamental para garantir ader\u00eancia ao perfil e&hellip;","_links":{"self":[{"href":"https:\/\/brmendesconsultoria.com.br\/en\/wp-json\/wp\/v2\/pages\/27","targetHints":{"allow":["GET"]}}],"collection":[{"href":"https:\/\/brmendesconsultoria.com.br\/en\/wp-json\/wp\/v2\/pages"}],"about":[{"href":"https:\/\/brmendesconsultoria.com.br\/en\/wp-json\/wp\/v2\/types\/page"}],"author":[{"embeddable":true,"href":"https:\/\/brmendesconsultoria.com.br\/en\/wp-json\/wp\/v2\/users\/1"}],"replies":[{"embeddable":true,"href":"https:\/\/brmendesconsultoria.com.br\/en\/wp-json\/wp\/v2\/comments?post=27"}],"version-history":[{"count":17,"href":"https:\/\/brmendesconsultoria.com.br\/en\/wp-json\/wp\/v2\/pages\/27\/revisions"}],"predecessor-version":[{"id":247,"href":"https:\/\/brmendesconsultoria.com.br\/en\/wp-json\/wp\/v2\/pages\/27\/revisions\/247"}],"wp:attachment":[{"href":"https:\/\/brmendesconsultoria.com.br\/en\/wp-json\/wp\/v2\/media?parent=27"}],"curies":[{"name":"wp","href":"https:\/\/api.w.org\/{rel}","templated":true}]}}