{"id":29,"date":"2026-02-02T20:49:26","date_gmt":"2026-02-02T20:49:26","guid":{"rendered":"https:\/\/brmendesconsultoria.com.br\/pagina-inicial\/"},"modified":"2026-02-04T20:08:33","modified_gmt":"2026-02-04T20:08:33","slug":"pagina-inicial","status":"publish","type":"page","link":"https:\/\/brmendesconsultoria.com.br\/en\/","title":{"rendered":"In\u00edcio"},"content":{"rendered":"<div id=\"wp-block-themeisle-blocks-advanced-columns-c5e91ff3\" class=\"wp-block-themeisle-blocks-advanced-columns has-1-columns has-desktop-equal-layout has-tablet-equal-layout has-mobile-equal-layout has-vertical-unset animated fadeInUp delay-200ms\"><div class=\"wp-block-themeisle-blocks-advanced-columns-overlay\"><\/div><div class=\"innerblocks-wrap\">\n<div id=\"wp-block-themeisle-blocks-advanced-column-b21bb04e\" class=\"wp-block-themeisle-blocks-advanced-column\">\n<div class=\"wp-block-columns is-layout-flex wp-container-core-columns-is-layout-cb0a7ccb wp-block-columns-is-layout-flex\">\n<div class=\"wp-block-column is-layout-flow wp-block-column-is-layout-flow\">\n<div class=\"wp-block-columns is-layout-flex wp-container-core-columns-is-layout-cb0a7ccb wp-block-columns-is-layout-flex\">\n<div class=\"wp-block-column is-layout-flow wp-block-column-is-layout-flow\">\n<div class=\"wp-block-columns is-layout-flex wp-container-core-columns-is-layout-cb0a7ccb wp-block-columns-is-layout-flex\">\n<div class=\"wp-block-column is-layout-flow wp-block-column-is-layout-flow\"><\/div>\n<\/div>\n<\/div>\n<\/div>\n<\/div>\n<\/div>\n<\/div>\n<\/div><\/div>\n\n\n\n<div class=\"wp-block-group alignfull is-style-ext-preset--group--natural-1--section has-background-background-color has-background has-global-padding is-layout-constrained wp-block-group-is-layout-constrained is-style-ext-preset--group--natural-1--section--1\" style=\"margin-top:0;margin-bottom:0;padding-top:var(--wp--preset--spacing--50);padding-bottom:var(--wp--preset--spacing--70)\">\n<div class=\"wp-block-group alignwide animated fadeInUp delay-200ms is-vertical is-content-justification-center is-layout-flex wp-container-core-group-is-layout-422eb20d wp-block-group-is-layout-flex\">\n<div class=\"wp-block-group has-global-padding is-layout-constrained wp-container-core-group-is-layout-7acc1fa0 wp-block-group-is-layout-constrained\">\n<h2 class=\"wp-block-heading has-text-align-center alignwide\">Conectamos empresas a talentos que fazem a diferen\u00e7a<\/h2>\n\n\n\n<p class=\"has-text-align-center wp-block-paragraph\">Recrutamento estrat\u00e9gico, humanizado e focado em resultado.<\/p>\n<\/div>\n\n\n\n<div class=\"wp-block-buttons is-content-justification-center is-layout-flex wp-container-core-buttons-is-layout-c0bc9f7e wp-block-buttons-is-layout-flex\">\n<div class=\"wp-block-button is-style-ext-preset--button--natural-1--button-1 is-style-ext-preset--button--natural-1--button-1--2\"><a class=\"wp-block-button__link has-background wp-element-button\" href=\"https:\/\/wa.me\/5511978791428\" style=\"background-color:#150322\">Falar com a BR Mendes<\/a><\/div>\n<\/div>\n<\/div>\n<\/div>\n\n\n\n<div class=\"wp-block-group alignfull is-style-ext-preset--group--natural-1--section animated fadeInUp delay-200ms has-tertiary-background-color has-background has-global-padding is-layout-constrained wp-block-group-is-layout-constrained is-style-ext-preset--group--natural-1--section--3\" id=\"sobre\" style=\"margin-top:0;margin-bottom:0;padding-top:var(--wp--preset--spacing--70);padding-bottom:var(--wp--preset--spacing--70)\">\n<div class=\"wp-block-group alignwide is-vertical is-content-justification-center is-layout-flex wp-container-core-group-is-layout-422eb20d wp-block-group-is-layout-flex\">\n<div class=\"wp-block-group has-global-padding is-layout-constrained wp-container-core-group-is-layout-7acc1fa0 wp-block-group-is-layout-constrained\">\n<h2 class=\"wp-block-heading has-text-align-center\">Quem Somos<\/h2>\n\n\n\n<p class=\"has-text-align-center wp-block-paragraph\">Somos a BR Mendes, uma consultoria especializada em recrutamento e sele\u00e7\u00e3o, focada em conectar empresas a talentos estrat\u00e9gicos. Atuamos com processos humanizados, an\u00e1lise criteriosa e compromisso com resultados consistentes.<\/p>\n<\/div>\n<\/div>\n<\/div>\n\n\n\n<div class=\"wp-block-group alignfull is-style-ext-preset--group--natural-1--section animated fadeInUp delay-200ms has-tertiary-background-color has-background has-global-padding is-layout-constrained wp-container-core-group-is-layout-0fa1b86d wp-block-group-is-layout-constrained is-style-ext-preset--group--natural-1--section--4\" id=\"recursos\" style=\"margin-top:0;margin-bottom:0;padding-top:var(--wp--preset--spacing--70);padding-bottom:var(--wp--preset--spacing--70)\">\n<div class=\"wp-block-group alignwide is-vertical is-layout-flex wp-container-core-group-is-layout-0a9a0fdb wp-block-group-is-layout-flex\">\n<div class=\"wp-block-group has-global-padding is-layout-constrained wp-container-core-group-is-layout-227c3f25 wp-block-group-is-layout-constrained\">\n<h2 class=\"wp-block-heading has-text-align-left\">Como atuamos<\/h2>\n\n\n\n<p class=\"has-text-align-left wp-block-paragraph\">Descubra como conectamos empresas a talentos excepcionais com processos \u00e1geis e personalizados, assegurando equipes de alto desempenho.<\/p>\n<\/div>\n<\/div>\n\n\n\n<div class=\"wp-block-columns alignwide is-layout-flex wp-container-core-columns-is-layout-9705efd8 wp-block-columns-is-layout-flex\">\n<div class=\"wp-block-column is-vertically-aligned-stretch is-layout-flow wp-container-core-column-is-layout-ff1e87f5 wp-block-column-is-layout-flow\">\n<div class=\"wp-block-group is-style-ext-preset--group--natural-1--item-card-1--align-start has-global-padding is-layout-constrained wp-block-group-is-layout-constrained is-style-ext-preset--group--natural-1--item-card-1--align-start--5\">\n<div class=\"wp-block-group is-style-default animated fadeInLeftBig delay-200ms has-global-padding is-layout-constrained wp-block-group-is-layout-constrained\">\n<figure class=\"wp-block-image size-large ext-aspect-landscape wp-duotone-primary-foreground\"><img decoding=\"async\" src=\"data:image\/svg+xml;base64,PHN2ZyB4bWxucz0iaHR0cDovL3d3dy53My5vcmcvMjAwMC9zdmciIHdpZHRoPSI0OCIgaGVpZ2h0PSI0OCIgZmlsbD0iIzAwMDAwMCIgdmlld0JveD0iMCAwIDI1NiAyNTYiPjxwYXRoIGQ9Ik0xNzIsNzZhNDQsNDQsMCwxLDAtNDQsNDRBNDQuMDUsNDQuMDUsMCwwLDAsMTcyLDc2Wm0tNDQsMjhhMjgsMjgsMCwxLDEsMjgtMjhBMjgsMjgsMCwwLDEsMTI4LDEwNFptNjAsMjRhNDQsNDQsMCwxLDAsNDQsNDRBNDQuMDUsNDQuMDUsMCwwLDAsMTg4LDEyOFptMCw3MmEyOCwyOCwwLDEsMSwyOC0yOEEyOCwyOCwwLDAsMSwxODgsMjAwWk02OCwxMjhhNDQsNDQsMCwxLDAsNDQsNDRBNDQuMDUsNDQuMDUsMCwwLDAsNjgsMTI4Wm0wLDcyYTI4LDI4LDAsMSwxLDI4LTI4QTI4LDI4LDAsMCwxLDY4LDIwMFoiPjwvcGF0aD48L3N2Zz4=\" alt=\"\" style=\"object-fit:cover\"\/><\/figure>\n\n\n\n<h3 class=\"wp-block-heading\">Entendimento da Vaga<\/h3>\n\n\n\n<p class=\"wp-block-paragraph\">An\u00e1lise profunda do perfil, cultura e necessidades do neg\u00f3cio.<\/p>\n<\/div>\n<\/div>\n<\/div>\n\n\n\n<div class=\"wp-block-column is-vertically-aligned-stretch is-layout-flow wp-container-core-column-is-layout-ff1e87f5 wp-block-column-is-layout-flow\">\n<div class=\"wp-block-group is-style-ext-preset--group--natural-1--item-card-1--align-start has-global-padding is-layout-constrained wp-block-group-is-layout-constrained is-style-ext-preset--group--natural-1--item-card-1--align-start--6\">\n<div class=\"wp-block-group alignfull is-style-default animated fadeInLeft delay-200ms has-global-padding is-layout-constrained wp-block-group-is-layout-constrained\">\n<figure class=\"wp-block-image size-large ext-aspect-landscape wp-duotone-primary-foreground\"><img decoding=\"async\" src=\"data:image\/svg+xml;base64,PHN2ZyB4bWxucz0iaHR0cDovL3d3dy53My5vcmcvMjAwMC9zdmciIHdpZHRoPSI0OCIgaGVpZ2h0PSI0OCIgZmlsbD0iIzAwMDAwMCIgdmlld0JveD0iMCAwIDI1NiAyNTYiPjxwYXRoIGQ9Ik04MCw0MGE0MCw0MCwwLDEsMCw0MCw0MEE0MCw0MCwwLDAsMCw4MCw0MFptMCw2NGEyNCwyNCwwLDEsMSwyNC0yNEEyNCwyNCwwLDAsMSw4MCwxMDRabTk2LDE2YTQwLDQwLDAsMSwwLTQwLTQwQTQwLDQwLDAsMCwwLDE3NiwxMjBabTAtNjRhMjQsMjQsMCwxLDEtMjQsMjRBMjQsMjQsMCwwLDEsMTc2LDU2Wk04MCwxMzZhNDAsNDAsMCwxLDAsNDAsNDBBNDAsNDAsMCwwLDAsODAsMTM2Wm0wLDY0YTI0LDI0LDAsMSwxLDI0LTI0QTI0LDI0LDAsMCwxLDgwLDIwMFptOTYtNjRhNDAsNDAsMCwxLDAsNDAsNDBBNDAsNDAsMCwwLDAsMTc2LDEzNlptMCw2NGEyNCwyNCwwLDEsMSwyNC0yNEEyNCwyNCwwLDAsMSwxNzYsMjAwWiI+PC9wYXRoPjwvc3ZnPg==\" alt=\"\" style=\"object-fit:cover\"\/><\/figure>\n\n\n\n<h3 class=\"wp-block-heading\">Hunting Estrat\u00e9gico<\/h3>\n\n\n\n<p class=\"wp-block-paragraph\">Busca ativa e criteriosa de profissionais alinhados t\u00e9cnica e culturalmente.<\/p>\n<\/div>\n<\/div>\n<\/div>\n\n\n\n<div class=\"wp-block-column is-vertically-aligned-stretch is-layout-flow wp-container-core-column-is-layout-ff1e87f5 wp-block-column-is-layout-flow\">\n<div class=\"wp-block-group is-style-ext-preset--group--natural-1--item-card-1--align-start has-global-padding is-layout-constrained wp-block-group-is-layout-constrained is-style-ext-preset--group--natural-1--item-card-1--align-start--7\">\n<div class=\"wp-block-group is-style-default animated fadeInLeft delay-200ms has-global-padding is-layout-constrained wp-block-group-is-layout-constrained\">\n<figure class=\"wp-block-image size-large ext-aspect-landscape wp-duotone-primary-foreground\"><img decoding=\"async\" src=\"data:image\/svg+xml;base64,PHN2ZyB4bWxucz0iaHR0cDovL3d3dy53My5vcmcvMjAwMC9zdmciIHdpZHRoPSI0OCIgaGVpZ2h0PSI0OCIgZmlsbD0iIzAwMDAwMCIgdmlld0JveD0iMCAwIDI1NiAyNTYiPjxwYXRoIGQ9Ik04MCw0MGE0MCw0MCwwLDEsMCw0MCw0MEE0MCw0MCwwLDAsMCw4MCw0MFptMCw2NGEyNCwyNCwwLDEsMSwyNC0yNEEyNCwyNCwwLDAsMSw4MCwxMDRabTk2LDE2YTQwLDQwLDAsMSwwLTQwLTQwQTQwLDQwLDAsMCwwLDE3NiwxMjBabTAtNjRhMjQsMjQsMCwxLDEtMjQsMjRBMjQsMjQsMCwwLDEsMTc2LDU2Wk04MCwxMzZhNDAsNDAsMCwxLDAsNDAsNDBBNDAsNDAsMCwwLDAsODAsMTM2Wm0wLDY0YTI0LDI0LDAsMSwxLDI0LTI0QTI0LDI0LDAsMCwxLDgwLDIwMFptMTM2LTI0YTgsOCwwLDAsMS04LDhIMTg0djI0YTgsOCwwLDAsMS0xNiwwVjE4NEgxNDRhOCw4LDAsMCwxLDAtMTZoMjRWMTQ0YTgsOCwwLDAsMSwxNiwwdjI0aDI0QTgsOCwwLDAsMSwyMTYsMTc2WiI+PC9wYXRoPjwvc3ZnPg==\" alt=\"\" style=\"object-fit:cover\"\/><\/figure>\n\n\n\n<h3 class=\"wp-block-heading\">Entrega com Qualidade<\/h3>\n\n\n\n<p class=\"wp-block-paragraph\">Apresenta\u00e7\u00e3o de candidatos com parecer completo e suporte na decis\u00e3o.<\/p>\n<\/div>\n<\/div>\n<\/div>\n<\/div>\n<\/div>\n\n\n\n<div class=\"wp-block-group is-nowrap is-layout-flex wp-container-core-group-is-layout-cb0a7ccb wp-block-group-is-layout-flex\">\n<div class=\"wp-block-group has-global-padding is-layout-constrained wp-container-core-group-is-layout-7acc1fa0 wp-block-group-is-layout-constrained\">\n<h2 class=\"wp-block-heading animated fadeInUp\">Vamos construir o time certo para sua empresa?<\/h2>\n<\/div>\n<\/div>\n\n\n\n<div class=\"wp-block-buttons animated fadeInUp is-content-justification-center is-layout-flex wp-container-core-buttons-is-layout-c384057e wp-block-buttons-is-layout-flex\">\n<div class=\"wp-block-button\"><a class=\"wp-block-button__link wp-element-button\" href=\"https:\/\/wa.me\/5511978791428\">Falar com a BR Mendes<\/a><\/div>\n<\/div>","protected":false},"excerpt":{"rendered":"<p>Conectamos empresas a talentos que fazem a diferen\u00e7a Recrutamento estrat\u00e9gico, humanizado e focado em resultado. Quem Somos Somos a BR Mendes, uma consultoria especializada em recrutamento e sele\u00e7\u00e3o, focada em conectar empresas a talentos estrat\u00e9gicos. Atuamos com processos humanizados, an\u00e1lise criteriosa e compromisso com resultados consistentes. Como atuamos Descubra como conectamos empresas a talentos excepcionais com processos \u00e1geis e personalizados, assegurando equipes de alto desempenho. Entendimento da Vaga An\u00e1lise profunda do perfil, cultura e necessidades do neg\u00f3cio. Hunting Estrat\u00e9gico Busca ativa e criteriosa de profissionais alinhados t\u00e9cnica e culturalmente. Entrega com Qualidade Apresenta\u00e7\u00e3o de candidatos com parecer completo e suporte na [&hellip;]<\/p>","protected":false},"author":1,"featured_media":0,"parent":0,"menu_order":0,"comment_status":"closed","ping_status":"closed","template":"","meta":{"_crdt_document":"","_uag_custom_page_level_css":"","_monsterinsights_skip_tracking":false,"_monsterinsights_sitenote_active":false,"_monsterinsights_sitenote_note":"","_monsterinsights_sitenote_category":0,"_themeisle_gutenberg_block_has_review":false,"footnotes":""},"class_list":["post-29","page","type-page","status-publish","hentry"],"yoast_head":"<!-- This site is optimized with the Yoast SEO plugin v27.2 - https:\/\/yoast.com\/product\/yoast-seo-wordpress\/ -->\n<title>BR Mendes Consultoria | Recrutamento e Sele\u00e7\u00e3o Estrat\u00e9gico<\/title>\n<meta name=\"description\" content=\"A BR Mendes \u00e9 uma consultoria especializada em recrutamento e sele\u00e7\u00e3o estrat\u00e9gico, conectando empresas a talentos qualificados com processos humanizados e foco em resultados.\" \/>\n<meta name=\"robots\" content=\"index, follow, max-snippet:-1, max-image-preview:large, max-video-preview:-1\" \/>\n<link rel=\"canonical\" href=\"https:\/\/brmendesconsultoria.com.br\/en\/\" \/>\n<meta property=\"og:locale\" content=\"en_US\" \/>\n<meta property=\"og:type\" content=\"article\" \/>\n<meta property=\"og:title\" content=\"BR Mendes Consultoria | Recrutamento e Sele\u00e7\u00e3o Estrat\u00e9gico\" \/>\n<meta property=\"og:description\" content=\"A BR Mendes \u00e9 uma consultoria especializada em recrutamento e sele\u00e7\u00e3o estrat\u00e9gico, conectando empresas a talentos qualificados com processos humanizados e foco em resultados.\" \/>\n<meta property=\"og:url\" content=\"https:\/\/brmendesconsultoria.com.br\/en\/\" \/>\n<meta property=\"og:site_name\" content=\"BR Mendes\" \/>\n<meta property=\"article:publisher\" content=\"https:\/\/www.facebook.com\/brmendesconsultoria\/\" \/>\n<meta property=\"article:modified_time\" content=\"2026-02-04T20:08:33+00:00\" \/>\n<meta name=\"twitter:card\" content=\"summary_large_image\" \/>\n<meta name=\"twitter:label1\" content=\"Est. reading time\" \/>\n\t<meta name=\"twitter:data1\" content=\"2 minutes\" \/>\n<script type=\"application\/ld+json\" class=\"yoast-schema-graph\">{\"@context\":\"https:\/\/schema.org\",\"@graph\":[{\"@type\":\"WebPage\",\"@id\":\"https:\/\/brmendesconsultoria.com.br\/\",\"url\":\"https:\/\/brmendesconsultoria.com.br\/\",\"name\":\"BR Mendes Consultoria | Recrutamento e Sele\u00e7\u00e3o Estrat\u00e9gico\",\"isPartOf\":{\"@id\":\"https:\/\/brmendesconsultoria.com.br\/#website\"},\"datePublished\":\"2026-02-02T20:49:26+00:00\",\"dateModified\":\"2026-02-04T20:08:33+00:00\",\"description\":\"A BR Mendes \u00e9 uma consultoria especializada em recrutamento e sele\u00e7\u00e3o estrat\u00e9gico, conectando empresas a talentos qualificados com processos humanizados e foco em resultados.\",\"breadcrumb\":{\"@id\":\"https:\/\/brmendesconsultoria.com.br\/#breadcrumb\"},\"inLanguage\":\"en-US\",\"potentialAction\":[{\"@type\":\"ReadAction\",\"target\":[\"https:\/\/brmendesconsultoria.com.br\/\"]}]},{\"@type\":\"BreadcrumbList\",\"@id\":\"https:\/\/brmendesconsultoria.com.br\/#breadcrumb\",\"itemListElement\":[{\"@type\":\"ListItem\",\"position\":1,\"name\":\"In\u00edcio\",\"item\":\"https:\/\/brmendesconsultoria.com.br\/\"},{\"@type\":\"ListItem\",\"position\":2,\"name\":\"In\u00edcio\"}]},{\"@type\":\"WebSite\",\"@id\":\"https:\/\/brmendesconsultoria.com.br\/#website\",\"url\":\"https:\/\/brmendesconsultoria.com.br\/\",\"name\":\"BR Mendes Consultoria | Recrutamento Estrat\u00e9gico e Humanizado\",\"description\":\"&quot;Consultoria especializada em recrutamento e sele\u00e7\u00e3o de talentos para empresas.&quot;\",\"publisher\":{\"@id\":\"https:\/\/brmendesconsultoria.com.br\/#organization\"},\"potentialAction\":[{\"@type\":\"SearchAction\",\"target\":{\"@type\":\"EntryPoint\",\"urlTemplate\":\"https:\/\/brmendesconsultoria.com.br\/?s={search_term_string}\"},\"query-input\":{\"@type\":\"PropertyValueSpecification\",\"valueRequired\":true,\"valueName\":\"search_term_string\"}}],\"inLanguage\":\"en-US\"},{\"@type\":\"Organization\",\"@id\":\"https:\/\/brmendesconsultoria.com.br\/#organization\",\"name\":\"BR Mendes Consultoria | Recrutamento Estrat\u00e9gico e Humanizado\",\"url\":\"https:\/\/brmendesconsultoria.com.br\/\",\"logo\":{\"@type\":\"ImageObject\",\"inLanguage\":\"en-US\",\"@id\":\"https:\/\/brmendesconsultoria.com.br\/#\/schema\/logo\/image\/\",\"url\":\"https:\/\/brmendesconsultoria.com.br\/wp-content\/uploads\/2026\/02\/1631366350998.jpeg\",\"contentUrl\":\"https:\/\/brmendesconsultoria.com.br\/wp-content\/uploads\/2026\/02\/1631366350998.jpeg\",\"width\":100,\"height\":100,\"caption\":\"BR Mendes Consultoria | Recrutamento Estrat\u00e9gico e Humanizado\"},\"image\":{\"@id\":\"https:\/\/brmendesconsultoria.com.br\/#\/schema\/logo\/image\/\"},\"sameAs\":[\"https:\/\/www.facebook.com\/brmendesconsultoria\/\",\"https:\/\/www.linkedin.com\/company\/brmendes\/\",\"https:\/\/www.instagram.com\/brmendesbr\"]}]}<\/script>\n<!-- \/ Yoast SEO plugin. -->","yoast_head_json":{"title":"BR Mendes Consultoria | Recrutamento e Sele\u00e7\u00e3o Estrat\u00e9gico","description":"A BR Mendes \u00e9 uma consultoria especializada em recrutamento e sele\u00e7\u00e3o estrat\u00e9gico, conectando empresas a talentos qualificados com processos humanizados e foco em resultados.","robots":{"index":"index","follow":"follow","max-snippet":"max-snippet:-1","max-image-preview":"max-image-preview:large","max-video-preview":"max-video-preview:-1"},"canonical":"https:\/\/brmendesconsultoria.com.br\/en\/","og_locale":"en_US","og_type":"article","og_title":"BR Mendes Consultoria | Recrutamento e Sele\u00e7\u00e3o Estrat\u00e9gico","og_description":"A BR Mendes \u00e9 uma consultoria especializada em recrutamento e sele\u00e7\u00e3o estrat\u00e9gico, conectando empresas a talentos qualificados com processos humanizados e foco em resultados.","og_url":"https:\/\/brmendesconsultoria.com.br\/en\/","og_site_name":"BR Mendes","article_publisher":"https:\/\/www.facebook.com\/brmendesconsultoria\/","article_modified_time":"2026-02-04T20:08:33+00:00","twitter_card":"summary_large_image","twitter_misc":{"Est. reading time":"2 minutes"},"schema":{"@context":"https:\/\/schema.org","@graph":[{"@type":"WebPage","@id":"https:\/\/brmendesconsultoria.com.br\/","url":"https:\/\/brmendesconsultoria.com.br\/","name":"BR Mendes Consultoria | Recrutamento e Sele\u00e7\u00e3o Estrat\u00e9gico","isPartOf":{"@id":"https:\/\/brmendesconsultoria.com.br\/#website"},"datePublished":"2026-02-02T20:49:26+00:00","dateModified":"2026-02-04T20:08:33+00:00","description":"A BR Mendes \u00e9 uma consultoria especializada em recrutamento e sele\u00e7\u00e3o estrat\u00e9gico, conectando empresas a talentos qualificados com processos humanizados e foco em resultados.","breadcrumb":{"@id":"https:\/\/brmendesconsultoria.com.br\/#breadcrumb"},"inLanguage":"en-US","potentialAction":[{"@type":"ReadAction","target":["https:\/\/brmendesconsultoria.com.br\/"]}]},{"@type":"BreadcrumbList","@id":"https:\/\/brmendesconsultoria.com.br\/#breadcrumb","itemListElement":[{"@type":"ListItem","position":1,"name":"In\u00edcio","item":"https:\/\/brmendesconsultoria.com.br\/"},{"@type":"ListItem","position":2,"name":"In\u00edcio"}]},{"@type":"WebSite","@id":"https:\/\/brmendesconsultoria.com.br\/#website","url":"https:\/\/brmendesconsultoria.com.br\/","name":"BR Mendes Consultoria | Recrutamento Estrat\u00e9gico e Humanizado","description":"&quot;Consultoria especializada em recrutamento e sele\u00e7\u00e3o de talentos para empresas.&quot;","publisher":{"@id":"https:\/\/brmendesconsultoria.com.br\/#organization"},"potentialAction":[{"@type":"SearchAction","target":{"@type":"EntryPoint","urlTemplate":"https:\/\/brmendesconsultoria.com.br\/?s={search_term_string}"},"query-input":{"@type":"PropertyValueSpecification","valueRequired":true,"valueName":"search_term_string"}}],"inLanguage":"en-US"},{"@type":"Organization","@id":"https:\/\/brmendesconsultoria.com.br\/#organization","name":"BR Mendes Consultoria | Recrutamento Estrat\u00e9gico e Humanizado","url":"https:\/\/brmendesconsultoria.com.br\/","logo":{"@type":"ImageObject","inLanguage":"en-US","@id":"https:\/\/brmendesconsultoria.com.br\/#\/schema\/logo\/image\/","url":"https:\/\/brmendesconsultoria.com.br\/wp-content\/uploads\/2026\/02\/1631366350998.jpeg","contentUrl":"https:\/\/brmendesconsultoria.com.br\/wp-content\/uploads\/2026\/02\/1631366350998.jpeg","width":100,"height":100,"caption":"BR Mendes Consultoria | Recrutamento Estrat\u00e9gico e Humanizado"},"image":{"@id":"https:\/\/brmendesconsultoria.com.br\/#\/schema\/logo\/image\/"},"sameAs":["https:\/\/www.facebook.com\/brmendesconsultoria\/","https:\/\/www.linkedin.com\/company\/brmendes\/","https:\/\/www.instagram.com\/brmendesbr"]}]}},"uagb_featured_image_src":{"full":false,"thumbnail":false,"medium":false,"medium_large":false,"large":false,"1536x1536":false,"2048x2048":false,"trp-custom-language-flag":false},"uagb_author_info":{"display_name":"brmendes","author_link":"https:\/\/brmendesconsultoria.com.br\/en\/author\/brmendes\/"},"uagb_comment_info":0,"uagb_excerpt":"Conectamos empresas a talentos que fazem a diferen\u00e7a Recrutamento estrat\u00e9gico, humanizado e focado em resultado. Quem Somos Somos a BR Mendes, uma consultoria especializada em recrutamento e sele\u00e7\u00e3o, focada em conectar empresas a talentos estrat\u00e9gicos. Atuamos com processos humanizados, an\u00e1lise criteriosa e compromisso com resultados consistentes. Como atuamos Descubra como conectamos empresas a talentos excepcionais&hellip;","_links":{"self":[{"href":"https:\/\/brmendesconsultoria.com.br\/en\/wp-json\/wp\/v2\/pages\/29","targetHints":{"allow":["GET"]}}],"collection":[{"href":"https:\/\/brmendesconsultoria.com.br\/en\/wp-json\/wp\/v2\/pages"}],"about":[{"href":"https:\/\/brmendesconsultoria.com.br\/en\/wp-json\/wp\/v2\/types\/page"}],"author":[{"embeddable":true,"href":"https:\/\/brmendesconsultoria.com.br\/en\/wp-json\/wp\/v2\/users\/1"}],"replies":[{"embeddable":true,"href":"https:\/\/brmendesconsultoria.com.br\/en\/wp-json\/wp\/v2\/comments?post=29"}],"version-history":[{"count":22,"href":"https:\/\/brmendesconsultoria.com.br\/en\/wp-json\/wp\/v2\/pages\/29\/revisions"}],"predecessor-version":[{"id":224,"href":"https:\/\/brmendesconsultoria.com.br\/en\/wp-json\/wp\/v2\/pages\/29\/revisions\/224"}],"wp:attachment":[{"href":"https:\/\/brmendesconsultoria.com.br\/en\/wp-json\/wp\/v2\/media?parent=29"}],"curies":[{"name":"wp","href":"https:\/\/api.w.org\/{rel}","templated":true}]}}