{"id":3,"date":"2026-02-02T20:41:50","date_gmt":"2026-02-02T20:41:50","guid":{"rendered":"https:\/\/brmendesconsultoria.com.br\/?page_id=3"},"modified":"2026-02-04T21:26:22","modified_gmt":"2026-02-04T21:26:22","slug":"politica-de-privacidade","status":"publish","type":"page","link":"https:\/\/brmendesconsultoria.com.br\/en\/politica-de-privacidade\/","title":{"rendered":"Pol\u00edtica de Privacidade"},"content":{"rendered":"<h4 class=\"wp-block-heading has-text-align-left\">Pol\u00edtica de Privacidade \u2013 BR Mendes Consultoria<br><\/h4>\n\n\n\n<p class=\"wp-block-paragraph\"><strong>\u00daltima atualiza\u00e7\u00e3o:<\/strong> 03 de fevereiro de 2026<\/p>\n\n\n\n<p class=\"wp-block-paragraph\">Nosso site: <a href=\"https:\/\/brmendesconsultoria.com.br\/en\/\">https:\/\/brmendesconsultoria.com.br<\/a><\/p>\n\n\n\n<h4 class=\"wp-block-heading has-text-align-left\">Quem somos<br><\/h4>\n\n\n\n<p class=\"wp-block-paragraph\">A BR Mendes Consultoria \u00e9 uma empresa especializada em recrutamento e sele\u00e7\u00e3o. Nosso objetivo \u00e9 oferecer servi\u00e7os personalizados, respeitando a privacidade e a seguran\u00e7a dos dados de todos os visitantes do site.<br><\/p>\n\n\n\n<p class=\"wp-block-paragraph\">Nosso endere\u00e7o online \u00e9: <a href=\"https:\/\/brmendesconsultoria.com.br\/en\/\">https:\/\/brmendesconsultoria.com.br<\/a><\/p>\n\n\n\n<h4 class=\"wp-block-heading has-text-align-left\">Coment\u00e1rios<br><\/h4>\n\n\n\n<p class=\"wp-block-paragraph\">Quando os visitantes deixam coment\u00e1rios no site, coletamos os dados exibidos no formul\u00e1rio de coment\u00e1rios, assim como o endere\u00e7o IP do visitante e a string do agente do navegador, para ajudar na detec\u00e7\u00e3o de spam.<\/p>\n\n\n\n<p class=\"wp-block-paragraph\">Uma string an\u00f4nima criada a partir do seu endere\u00e7o de e-mail (tamb\u00e9m chamada de hash) pode ser fornecida ao servi\u00e7o Gravatar para verificar se voc\u00ea o est\u00e1 utilizando. A pol\u00edtica de privacidade do Gravatar est\u00e1 dispon\u00edvel em: <a href=\"https:\/\/automattic.com\/privacy\/\">https:\/\/automattic.com\/privacy\/<\/a>.<\/p>\n\n\n\n<p class=\"wp-block-paragraph\"><br>Ap\u00f3s a aprova\u00e7\u00e3o do coment\u00e1rio, sua foto de perfil fica vis\u00edvel ao p\u00fablico no contexto do coment\u00e1rio.<\/p>\n\n\n\n<h4 class=\"wp-block-heading has-text-align-left\">M\u00eddia<br><\/h4>\n\n\n\n<p class=\"wp-block-paragraph\">Se voc\u00ea enviar imagens para o site, evite incluir dados de localiza\u00e7\u00e3o embutidos (EXIF GPS). Os visitantes do site podem baixar as imagens e extrair qualquer dado de localiza\u00e7\u00e3o contido nelas.<\/p>\n\n\n\n<h4 class=\"wp-block-heading has-text-align-left\">Cookies<\/h4>\n\n\n\n<p class=\"wp-block-paragraph\">Se voc\u00ea deixar um coment\u00e1rio no nosso site, poder\u00e1 optar por salvar seu nome, endere\u00e7o de e-mail e site em cookies. Esses cookies t\u00eam a finalidade de facilitar futuros coment\u00e1rios sem que seja necess\u00e1rio preencher novamente seus dados. Eles expiram ap\u00f3s um ano.<br><\/p>\n\n\n\n<p class=\"wp-block-paragraph\">Ao visitar nossa p\u00e1gina de login, configuramos um cookie tempor\u00e1rio para verificar se o navegador aceita cookies. Este cookie n\u00e3o cont\u00e9m dados pessoais e \u00e9 removido ao fechar o navegador.<\/p>\n\n\n\n<p class=\"wp-block-paragraph\">Ao fazer login, configuramos cookies adicionais para salvar suas informa\u00e7\u00f5es de login e prefer\u00eancias de exibi\u00e7\u00e3o da tela. Cookies de login duram dois dias, e cookies de op\u00e7\u00f5es de tela duram um ano. Se selecionar \u201cLembrar-me\u201d, seu login ser\u00e1 mantido por duas semanas. Ao sair da conta, os cookies de login s\u00e3o removidos.<\/p>\n\n\n\n<p class=\"wp-block-paragraph\">Se voc\u00ea editar ou publicar um artigo, um cookie adicional ser\u00e1 salvo no navegador. Este cookie n\u00e3o cont\u00e9m dados pessoais e indica apenas o ID do artigo que voc\u00ea editou. Ele expira ap\u00f3s 1 dia.<br><br><\/p>\n\n\n\n<h4 class=\"wp-block-heading has-text-align-left\">Conte\u00fado incorporado de outros sites<br><\/h4>\n\n\n\n<p class=\"wp-block-paragraph\">Artigos neste site podem incluir conte\u00fado incorporado (como v\u00eddeos, imagens ou artigos). O conte\u00fado incorporado de outros sites se comporta da mesma forma como se voc\u00ea tivesse visitado diretamente aquele site.<\/p>\n\n\n\n<p class=\"wp-block-paragraph\">Esses sites podem coletar dados sobre voc\u00ea, usar cookies, adicionar rastreamento de terceiros e monitorar sua intera\u00e7\u00e3o com o conte\u00fado incorporado, incluindo rastrear sua intera\u00e7\u00e3o se voc\u00ea tiver uma conta e estiver logado nesse site.<\/p>\n\n\n\n<h4 class=\"wp-block-heading has-text-align-left\">Com quem compartilhamos seus dados<br><\/h4>\n\n\n\n<p class=\"wp-block-paragraph\">Se voc\u00ea solicitar redefini\u00e7\u00e3o de senha, seu endere\u00e7o IP ser\u00e1 inclu\u00eddo no e-mail de redefini\u00e7\u00e3o.<\/p>\n\n\n\n<p class=\"wp-block-paragraph\">N\u00e3o vendemos ou compartilhamos seus dados pessoais com terceiros para fins comerciais.<\/p>\n\n\n\n<h4 class=\"wp-block-heading has-text-align-left\">Por quanto tempo retemos seus dados<br><\/h4>\n\n\n\n<p class=\"wp-block-paragraph\">Se voc\u00ea deixar um coment\u00e1rio, o coment\u00e1rio e seus metadados ser\u00e3o mantidos indefinidamente. Isso permite reconhecer e aprovar automaticamente quaisquer coment\u00e1rios de resposta, sem precisar de modera\u00e7\u00e3o manual.<\/p>\n\n\n\n<p class=\"wp-block-paragraph\">Para usu\u00e1rios registrados no site (se houver), tamb\u00e9m armazenamos as informa\u00e7\u00f5es fornecidas no perfil de usu\u00e1rio. Todos os usu\u00e1rios podem visualizar, editar ou excluir suas informa\u00e7\u00f5es pessoais a qualquer momento (exceto o nome de usu\u00e1rio). Administradores do site tamb\u00e9m podem visualizar e editar essas informa\u00e7\u00f5es.<\/p>\n\n\n\n<h4 class=\"wp-block-heading has-text-align-left\">Quais direitos voc\u00ea tem sobre seus dados<br><\/h4>\n\n\n\n<p class=\"wp-block-paragraph\">Se voc\u00ea tem uma conta neste site ou deixou coment\u00e1rios, pode solicitar receber um arquivo exportado com os dados pessoais que temos sobre voc\u00ea, incluindo quaisquer dados fornecidos por voc\u00ea.<\/p>\n\n\n\n<p class=\"wp-block-paragraph\">Voc\u00ea tamb\u00e9m pode solicitar que apaguemos quaisquer dados pessoais que possu\u00edmos sobre voc\u00ea. Isso n\u00e3o inclui dados que somos obrigados a manter por motivos administrativos, legais ou de seguran\u00e7a.<\/p>\n\n\n\n<h4 class=\"wp-block-heading has-text-align-left\">Para onde seus dados s\u00e3o enviados<\/h4>\n\n\n\n<p class=\"wp-block-paragraph\">Os coment\u00e1rios dos visitantes podem ser verificados atrav\u00e9s de um servi\u00e7o automatizado de detec\u00e7\u00e3o de spam.<\/p>\n\n\n\n<h4 class=\"wp-block-heading has-text-align-left\">Seguran\u00e7a e conformidade LGPD<\/h4>\n\n\n\n<p class=\"wp-block-paragraph\">A BR Mendes Consultoria adota medidas t\u00e9cnicas e organizacionais para proteger seus dados pessoais contra perda, acesso n\u00e3o autorizado, altera\u00e7\u00e3o ou divulga\u00e7\u00e3o indevida.<\/p>\n\n\n\n<p class=\"wp-block-paragraph\">Todos os dados coletados s\u00e3o tratados de acordo com a <strong>Lei Geral de Prote\u00e7\u00e3o de Dados (Lei n\u00ba 13.709\/2018 \u2013 LGPD)<\/strong>, garantindo transpar\u00eancia, seguran\u00e7a e respeito aos seus direitos como titular de dados.<\/p>\n\n\n\n<p class=\"wp-block-paragraph\">Caso tenha d\u00favidas sobre o tratamento dos seus dados ou queira exercer algum de seus direitos, entre em contato conosco pelo e-mail: <strong><a href=\"\/en\/atendimento@brmendesconsultoria.com.br\/\" type=\"link\" id=\"atendimento@brmendesconsultoria.com.br\">atendimento@brmendesconsultoria.com.br<\/a><\/strong>.<\/p>\n\n\n\n<p class=\"wp-block-paragraph\"><br><\/p>","protected":false},"excerpt":{"rendered":"<p>Pol\u00edtica de Privacidade \u2013 BR Mendes Consultoria \u00daltima atualiza\u00e7\u00e3o: 03 de fevereiro de 2026 Nosso site: https:\/\/brmendesconsultoria.com.br Quem somos A BR Mendes Consultoria \u00e9 uma empresa especializada em recrutamento e sele\u00e7\u00e3o. Nosso objetivo \u00e9 oferecer servi\u00e7os personalizados, respeitando a privacidade e a seguran\u00e7a dos dados de todos os visitantes do site. Nosso endere\u00e7o online \u00e9: https:\/\/brmendesconsultoria.com.br Coment\u00e1rios Quando os visitantes deixam coment\u00e1rios no site, coletamos os dados exibidos no formul\u00e1rio de coment\u00e1rios, assim como o endere\u00e7o IP do visitante e a string do agente do navegador, para ajudar na detec\u00e7\u00e3o de spam. Uma string an\u00f4nima criada a partir do seu endere\u00e7o [&hellip;]<\/p>","protected":false},"author":1,"featured_media":0,"parent":0,"menu_order":0,"comment_status":"closed","ping_status":"open","template":"","meta":{"_crdt_document":"","_uag_custom_page_level_css":"","_monsterinsights_skip_tracking":false,"_monsterinsights_sitenote_active":false,"_monsterinsights_sitenote_note":"","_monsterinsights_sitenote_category":0,"_themeisle_gutenberg_block_has_review":false,"footnotes":""},"class_list":["post-3","page","type-page","status-publish","hentry"],"yoast_head":"<!-- This site is optimized with the Yoast SEO plugin v27.2 - https:\/\/yoast.com\/product\/yoast-seo-wordpress\/ -->\n<title>Pol\u00edtica de Privacidade - BR Mendes<\/title>\n<meta name=\"robots\" content=\"index, follow, max-snippet:-1, max-image-preview:large, max-video-preview:-1\" \/>\n<link rel=\"canonical\" href=\"https:\/\/brmendesconsultoria.com.br\/en\/politica-de-privacidade\/\" \/>\n<meta property=\"og:locale\" content=\"en_US\" \/>\n<meta property=\"og:type\" content=\"article\" \/>\n<meta property=\"og:title\" content=\"Pol\u00edtica de Privacidade - BR Mendes\" \/>\n<meta property=\"og:description\" content=\"Pol\u00edtica de Privacidade \u2013 BR Mendes Consultoria \u00daltima atualiza\u00e7\u00e3o: 03 de fevereiro de 2026 Nosso site: https:\/\/brmendesconsultoria.com.br Quem somos A BR Mendes Consultoria \u00e9 uma empresa especializada em recrutamento e sele\u00e7\u00e3o. Nosso objetivo \u00e9 oferecer servi\u00e7os personalizados, respeitando a privacidade e a seguran\u00e7a dos dados de todos os visitantes do site. Nosso endere\u00e7o online \u00e9: https:\/\/brmendesconsultoria.com.br Coment\u00e1rios Quando os visitantes deixam coment\u00e1rios no site, coletamos os dados exibidos no formul\u00e1rio de coment\u00e1rios, assim como o endere\u00e7o IP do visitante e a string do agente do navegador, para ajudar na detec\u00e7\u00e3o de spam. Uma string an\u00f4nima criada a partir do seu endere\u00e7o [&hellip;]\" \/>\n<meta property=\"og:url\" content=\"https:\/\/brmendesconsultoria.com.br\/en\/politica-de-privacidade\/\" \/>\n<meta property=\"og:site_name\" content=\"BR Mendes\" \/>\n<meta property=\"article:publisher\" content=\"https:\/\/www.facebook.com\/brmendesconsultoria\/\" \/>\n<meta property=\"article:modified_time\" content=\"2026-02-04T21:26:22+00:00\" \/>\n<meta name=\"twitter:card\" content=\"summary_large_image\" \/>\n<meta name=\"twitter:label1\" content=\"Est. reading time\" \/>\n\t<meta name=\"twitter:data1\" content=\"4 minutes\" \/>\n<script type=\"application\/ld+json\" class=\"yoast-schema-graph\">{\"@context\":\"https:\/\/schema.org\",\"@graph\":[{\"@type\":\"WebPage\",\"@id\":\"https:\/\/brmendesconsultoria.com.br\/politica-de-privacidade\/\",\"url\":\"https:\/\/brmendesconsultoria.com.br\/politica-de-privacidade\/\",\"name\":\"Pol\u00edtica de Privacidade - BR Mendes\",\"isPartOf\":{\"@id\":\"https:\/\/brmendesconsultoria.com.br\/#website\"},\"datePublished\":\"2026-02-02T20:41:50+00:00\",\"dateModified\":\"2026-02-04T21:26:22+00:00\",\"breadcrumb\":{\"@id\":\"https:\/\/brmendesconsultoria.com.br\/politica-de-privacidade\/#breadcrumb\"},\"inLanguage\":\"en-US\",\"potentialAction\":[{\"@type\":\"ReadAction\",\"target\":[\"https:\/\/brmendesconsultoria.com.br\/politica-de-privacidade\/\"]}]},{\"@type\":\"BreadcrumbList\",\"@id\":\"https:\/\/brmendesconsultoria.com.br\/politica-de-privacidade\/#breadcrumb\",\"itemListElement\":[{\"@type\":\"ListItem\",\"position\":1,\"name\":\"In\u00edcio\",\"item\":\"https:\/\/brmendesconsultoria.com.br\/\"},{\"@type\":\"ListItem\",\"position\":2,\"name\":\"Pol\u00edtica de Privacidade\"}]},{\"@type\":\"WebSite\",\"@id\":\"https:\/\/brmendesconsultoria.com.br\/#website\",\"url\":\"https:\/\/brmendesconsultoria.com.br\/\",\"name\":\"BR Mendes Consultoria | Recrutamento Estrat\u00e9gico e Humanizado\",\"description\":\"&quot;Consultoria especializada em recrutamento e sele\u00e7\u00e3o de talentos para empresas.&quot;\",\"publisher\":{\"@id\":\"https:\/\/brmendesconsultoria.com.br\/#organization\"},\"potentialAction\":[{\"@type\":\"SearchAction\",\"target\":{\"@type\":\"EntryPoint\",\"urlTemplate\":\"https:\/\/brmendesconsultoria.com.br\/?s={search_term_string}\"},\"query-input\":{\"@type\":\"PropertyValueSpecification\",\"valueRequired\":true,\"valueName\":\"search_term_string\"}}],\"inLanguage\":\"en-US\"},{\"@type\":\"Organization\",\"@id\":\"https:\/\/brmendesconsultoria.com.br\/#organization\",\"name\":\"BR Mendes Consultoria | Recrutamento Estrat\u00e9gico e Humanizado\",\"url\":\"https:\/\/brmendesconsultoria.com.br\/\",\"logo\":{\"@type\":\"ImageObject\",\"inLanguage\":\"en-US\",\"@id\":\"https:\/\/brmendesconsultoria.com.br\/#\/schema\/logo\/image\/\",\"url\":\"https:\/\/brmendesconsultoria.com.br\/wp-content\/uploads\/2026\/02\/1631366350998.jpeg\",\"contentUrl\":\"https:\/\/brmendesconsultoria.com.br\/wp-content\/uploads\/2026\/02\/1631366350998.jpeg\",\"width\":100,\"height\":100,\"caption\":\"BR Mendes Consultoria | Recrutamento Estrat\u00e9gico e Humanizado\"},\"image\":{\"@id\":\"https:\/\/brmendesconsultoria.com.br\/#\/schema\/logo\/image\/\"},\"sameAs\":[\"https:\/\/www.facebook.com\/brmendesconsultoria\/\",\"https:\/\/www.linkedin.com\/company\/brmendes\/\",\"https:\/\/www.instagram.com\/brmendesbr\"]}]}<\/script>\n<!-- \/ Yoast SEO plugin. -->","yoast_head_json":{"title":"Pol\u00edtica de Privacidade - BR Mendes","robots":{"index":"index","follow":"follow","max-snippet":"max-snippet:-1","max-image-preview":"max-image-preview:large","max-video-preview":"max-video-preview:-1"},"canonical":"https:\/\/brmendesconsultoria.com.br\/en\/politica-de-privacidade\/","og_locale":"en_US","og_type":"article","og_title":"Pol\u00edtica de Privacidade - BR Mendes","og_description":"Pol\u00edtica de Privacidade \u2013 BR Mendes Consultoria \u00daltima atualiza\u00e7\u00e3o: 03 de fevereiro de 2026 Nosso site: https:\/\/brmendesconsultoria.com.br Quem somos A BR Mendes Consultoria \u00e9 uma empresa especializada em recrutamento e sele\u00e7\u00e3o. Nosso objetivo \u00e9 oferecer servi\u00e7os personalizados, respeitando a privacidade e a seguran\u00e7a dos dados de todos os visitantes do site. Nosso endere\u00e7o online \u00e9: https:\/\/brmendesconsultoria.com.br Coment\u00e1rios Quando os visitantes deixam coment\u00e1rios no site, coletamos os dados exibidos no formul\u00e1rio de coment\u00e1rios, assim como o endere\u00e7o IP do visitante e a string do agente do navegador, para ajudar na detec\u00e7\u00e3o de spam. Uma string an\u00f4nima criada a partir do seu endere\u00e7o [&hellip;]","og_url":"https:\/\/brmendesconsultoria.com.br\/en\/politica-de-privacidade\/","og_site_name":"BR Mendes","article_publisher":"https:\/\/www.facebook.com\/brmendesconsultoria\/","article_modified_time":"2026-02-04T21:26:22+00:00","twitter_card":"summary_large_image","twitter_misc":{"Est. reading time":"4 minutes"},"schema":{"@context":"https:\/\/schema.org","@graph":[{"@type":"WebPage","@id":"https:\/\/brmendesconsultoria.com.br\/politica-de-privacidade\/","url":"https:\/\/brmendesconsultoria.com.br\/politica-de-privacidade\/","name":"Pol\u00edtica de Privacidade - BR Mendes","isPartOf":{"@id":"https:\/\/brmendesconsultoria.com.br\/#website"},"datePublished":"2026-02-02T20:41:50+00:00","dateModified":"2026-02-04T21:26:22+00:00","breadcrumb":{"@id":"https:\/\/brmendesconsultoria.com.br\/politica-de-privacidade\/#breadcrumb"},"inLanguage":"en-US","potentialAction":[{"@type":"ReadAction","target":["https:\/\/brmendesconsultoria.com.br\/politica-de-privacidade\/"]}]},{"@type":"BreadcrumbList","@id":"https:\/\/brmendesconsultoria.com.br\/politica-de-privacidade\/#breadcrumb","itemListElement":[{"@type":"ListItem","position":1,"name":"In\u00edcio","item":"https:\/\/brmendesconsultoria.com.br\/"},{"@type":"ListItem","position":2,"name":"Pol\u00edtica de Privacidade"}]},{"@type":"WebSite","@id":"https:\/\/brmendesconsultoria.com.br\/#website","url":"https:\/\/brmendesconsultoria.com.br\/","name":"BR Mendes Consultoria | Recrutamento Estrat\u00e9gico e Humanizado","description":"&quot;Consultoria especializada em recrutamento e sele\u00e7\u00e3o de talentos para empresas.&quot;","publisher":{"@id":"https:\/\/brmendesconsultoria.com.br\/#organization"},"potentialAction":[{"@type":"SearchAction","target":{"@type":"EntryPoint","urlTemplate":"https:\/\/brmendesconsultoria.com.br\/?s={search_term_string}"},"query-input":{"@type":"PropertyValueSpecification","valueRequired":true,"valueName":"search_term_string"}}],"inLanguage":"en-US"},{"@type":"Organization","@id":"https:\/\/brmendesconsultoria.com.br\/#organization","name":"BR Mendes Consultoria | Recrutamento Estrat\u00e9gico e Humanizado","url":"https:\/\/brmendesconsultoria.com.br\/","logo":{"@type":"ImageObject","inLanguage":"en-US","@id":"https:\/\/brmendesconsultoria.com.br\/#\/schema\/logo\/image\/","url":"https:\/\/brmendesconsultoria.com.br\/wp-content\/uploads\/2026\/02\/1631366350998.jpeg","contentUrl":"https:\/\/brmendesconsultoria.com.br\/wp-content\/uploads\/2026\/02\/1631366350998.jpeg","width":100,"height":100,"caption":"BR Mendes Consultoria | Recrutamento Estrat\u00e9gico e Humanizado"},"image":{"@id":"https:\/\/brmendesconsultoria.com.br\/#\/schema\/logo\/image\/"},"sameAs":["https:\/\/www.facebook.com\/brmendesconsultoria\/","https:\/\/www.linkedin.com\/company\/brmendes\/","https:\/\/www.instagram.com\/brmendesbr"]}]}},"uagb_featured_image_src":{"full":false,"thumbnail":false,"medium":false,"medium_large":false,"large":false,"1536x1536":false,"2048x2048":false,"trp-custom-language-flag":false},"uagb_author_info":{"display_name":"brmendes","author_link":"https:\/\/brmendesconsultoria.com.br\/en\/author\/brmendes\/"},"uagb_comment_info":0,"uagb_excerpt":"Pol\u00edtica de Privacidade \u2013 BR Mendes Consultoria \u00daltima atualiza\u00e7\u00e3o: 03 de fevereiro de 2026 Nosso site: https:\/\/brmendesconsultoria.com.br Quem somos A BR Mendes Consultoria \u00e9 uma empresa especializada em recrutamento e sele\u00e7\u00e3o. Nosso objetivo \u00e9 oferecer servi\u00e7os personalizados, respeitando a privacidade e a seguran\u00e7a dos dados de todos os visitantes do site. Nosso endere\u00e7o online \u00e9:&hellip;","_links":{"self":[{"href":"https:\/\/brmendesconsultoria.com.br\/en\/wp-json\/wp\/v2\/pages\/3","targetHints":{"allow":["GET"]}}],"collection":[{"href":"https:\/\/brmendesconsultoria.com.br\/en\/wp-json\/wp\/v2\/pages"}],"about":[{"href":"https:\/\/brmendesconsultoria.com.br\/en\/wp-json\/wp\/v2\/types\/page"}],"author":[{"embeddable":true,"href":"https:\/\/brmendesconsultoria.com.br\/en\/wp-json\/wp\/v2\/users\/1"}],"replies":[{"embeddable":true,"href":"https:\/\/brmendesconsultoria.com.br\/en\/wp-json\/wp\/v2\/comments?post=3"}],"version-history":[{"count":3,"href":"https:\/\/brmendesconsultoria.com.br\/en\/wp-json\/wp\/v2\/pages\/3\/revisions"}],"predecessor-version":[{"id":227,"href":"https:\/\/brmendesconsultoria.com.br\/en\/wp-json\/wp\/v2\/pages\/3\/revisions\/227"}],"wp:attachment":[{"href":"https:\/\/brmendesconsultoria.com.br\/en\/wp-json\/wp\/v2\/media?parent=3"}],"curies":[{"name":"wp","href":"https:\/\/api.w.org\/{rel}","templated":true}]}}